{"id":1063,"date":"2021-02-17T09:45:37","date_gmt":"2021-02-17T09:45:37","guid":{"rendered":"http:\/\/nancsineni.hu\/galeria\/"},"modified":"2024-11-27T20:12:52","modified_gmt":"2024-11-27T20:12:52","slug":"galeria","status":"publish","type":"page","link":"https:\/\/nancsineni.hu\/en\/galeria\/","title":{"rendered":"Gallery"},"content":{"rendered":"<p>[et_pb_section fb_built=&#8221;1&#8243; _builder_version=&#8221;4.16&#8243; _module_preset=&#8221;default&#8221; global_colors_info=&#8221;{}&#8221;][et_pb_row custom_padding_last_edited=&#8221;on|desktop&#8221; module_class=&#8221;stickey-menu-header&#8221; _builder_version=&#8221;4.16&#8243; _module_preset=&#8221;default&#8221; width=&#8221;100%&#8221; max_width=&#8221;100%&#8221; custom_padding=&#8221;||0px||false|false&#8221; custom_padding_tablet=&#8221;|0px|0px|0px|false|true&#8221; custom_padding_phone=&#8221;&#8221; global_colors_info=&#8221;{}&#8221;][et_pb_column type=&#8221;4_4&#8243; _builder_version=&#8221;4.16&#8243; _module_preset=&#8221;default&#8221; global_colors_info=&#8221;{}&#8221;][et_pb_divider divider_weight=&#8221;3px&#8221; _builder_version=&#8221;4.16&#8243; _module_preset=&#8221;default&#8221; width=&#8221;100%&#8221; max_width=&#8221;100%&#8221; module_alignment=&#8221;center&#8221; custom_margin=&#8221;||-5px||false|false&#8221; custom_padding=&#8221;||||false|false&#8221; global_colors_info=&#8221;{}&#8221;][\/et_pb_divider][et_pb_text _builder_version=&#8221;4.16&#8243; _module_preset=&#8221;default&#8221; header_font=&#8221;|600|||||||&#8221; header_text_align=&#8221;center&#8221; header_text_color=&#8221;#484848&#8243; custom_padding=&#8221;10px||||false|false&#8221; global_colors_info=&#8221;{}&#8221;]<\/p>\n<h1 style=\"text-align: center;\">Gallery<\/h1>\n<p>[\/et_pb_text][et_pb_divider divider_weight=&#8221;3px&#8221; _builder_version=&#8221;4.16&#8243; _module_preset=&#8221;default&#8221; width=&#8221;100%&#8221; max_width=&#8221;100%&#8221; module_alignment=&#8221;center&#8221; custom_margin=&#8221;-20px||||false|false&#8221; global_colors_info=&#8221;{}&#8221;][\/et_pb_divider][\/et_pb_column][\/et_pb_row][et_pb_row module_id=&#8221;etelek&#8221; _builder_version=&#8221;4.16&#8243; _module_preset=&#8221;default&#8221; global_colors_info=&#8221;{}&#8221;][et_pb_column type=&#8221;4_4&#8243; _builder_version=&#8221;4.16&#8243; _module_preset=&#8221;default&#8221; global_colors_info=&#8221;{}&#8221;][et_pb_text module_id=&#8221;food&#8221; _builder_version=&#8221;4.16&#8243; _module_preset=&#8221;default&#8221; global_colors_info=&#8221;{}&#8221;]<\/p>\n<h2 style=\"text-align: center;\">Food<\/h2>\n<p>[\/et_pb_text][\/et_pb_column][\/et_pb_row][et_pb_row _builder_version=&#8221;4.16&#8243; _module_preset=&#8221;default&#8221; global_colors_info=&#8221;{}&#8221;][et_pb_column type=&#8221;4_4&#8243; _builder_version=&#8221;4.16&#8243; _module_preset=&#8221;default&#8221; global_colors_info=&#8221;{}&#8221;][et_pb_gallery gallery_ids=&#8221;5143,5159,5141,5147,5156,5026,5008,1214,1096,1041,1039,1037,1031,1027,1023,1192,1194,1196,1198,1200,1202,1206,1208,1210,1212,1204,1216,1190,1098,1033,1035,1029&#8243; posts_number=&#8221;32&#8243; orientation=&#8221;portrait&#8221; show_title_and_caption_tablet=&#8221;&#8221; show_title_and_caption_phone=&#8221;&#8221; show_title_and_caption_last_edited=&#8221;on|desktop&#8221; _builder_version=&#8221;4.27.0&#8243; _module_preset=&#8221;default&#8221; global_colors_info=&#8221;{}&#8221; show_title_and_caption__hover_enabled=&#8221;on|desktop&#8221; show_title_and_caption__hover=&#8221;off&#8221;][\/et_pb_gallery][\/et_pb_column][\/et_pb_row][\/et_pb_section][et_pb_section fb_built=&#8221;1&#8243; module_id=&#8221;restaurant&#8221; _builder_version=&#8221;4.16&#8243; _module_preset=&#8221;default&#8221; custom_margin=&#8221;||||false|false&#8221; custom_padding=&#8221;0px||||false|false&#8221; global_colors_info=&#8221;{}&#8221;][et_pb_row _builder_version=&#8221;4.16&#8243; _module_preset=&#8221;default&#8221; global_colors_info=&#8221;{}&#8221;][et_pb_column type=&#8221;4_4&#8243; _builder_version=&#8221;4.16&#8243; _module_preset=&#8221;default&#8221; global_colors_info=&#8221;{}&#8221;][et_pb_text _builder_version=&#8221;4.16&#8243; _module_preset=&#8221;default&#8221; global_colors_info=&#8221;{}&#8221;]<\/p>\n<h2 style=\"text-align: center;\">Restaurant<\/h2>\n<p>[\/et_pb_text][\/et_pb_column][\/et_pb_row][et_pb_row _builder_version=&#8221;4.16&#8243; _module_preset=&#8221;default&#8221; global_colors_info=&#8221;{}&#8221;][et_pb_column type=&#8221;4_4&#8243; _builder_version=&#8221;4.16&#8243; _module_preset=&#8221;default&#8221; global_colors_info=&#8221;{}&#8221;][et_pb_gallery gallery_ids=&#8221;1127,1133,1135,1141,1143,1145,1147,1151&#8243; posts_number=&#8221;32&#8243; orientation=&#8221;portrait&#8221; show_title_and_caption=&#8221;off&#8221; show_title_and_caption_tablet=&#8221;&#8221; show_title_and_caption_phone=&#8221;&#8221; show_title_and_caption_last_edited=&#8221;on|desktop&#8221; _builder_version=&#8221;4.16&#8243; _module_preset=&#8221;default&#8221; global_colors_info=&#8221;{}&#8221; show_title_and_caption__hover_enabled=&#8221;on|desktop&#8221; show_title_and_caption__hover=&#8221;off&#8221;][\/et_pb_gallery][\/et_pb_column][\/et_pb_row][\/et_pb_section][et_pb_section fb_built=&#8221;1&#8243; module_id=&#8221;garden&#8221; _builder_version=&#8221;4.16&#8243; _module_preset=&#8221;default&#8221; custom_margin=&#8221;||||false|false&#8221; custom_padding=&#8221;0px||||false|false&#8221; global_colors_info=&#8221;{}&#8221;][et_pb_row _builder_version=&#8221;4.16&#8243; _module_preset=&#8221;default&#8221; global_colors_info=&#8221;{}&#8221;][et_pb_column type=&#8221;4_4&#8243; _builder_version=&#8221;4.16&#8243; _module_preset=&#8221;default&#8221; global_colors_info=&#8221;{}&#8221;][et_pb_text _builder_version=&#8221;4.16&#8243; _module_preset=&#8221;default&#8221; global_colors_info=&#8221;{}&#8221;]<\/p>\n<h2 style=\"text-align: center;\">Garden<\/h2>\n<p>[\/et_pb_text][\/et_pb_column][\/et_pb_row][et_pb_row _builder_version=&#8221;4.16&#8243; _module_preset=&#8221;default&#8221; global_colors_info=&#8221;{}&#8221;][et_pb_column type=&#8221;4_4&#8243; _builder_version=&#8221;4.16&#8243; _module_preset=&#8221;default&#8221; global_colors_info=&#8221;{}&#8221;][et_pb_gallery gallery_ids=&#8221;1171,1179,1173,1167,1165,1161,1159,1157&#8243; posts_number=&#8221;32&#8243; orientation=&#8221;portrait&#8221; show_title_and_caption=&#8221;off&#8221; show_title_and_caption_tablet=&#8221;&#8221; show_title_and_caption_phone=&#8221;&#8221; show_title_and_caption_last_edited=&#8221;on|desktop&#8221; _builder_version=&#8221;4.16&#8243; _module_preset=&#8221;default&#8221; global_colors_info=&#8221;{}&#8221; show_title_and_caption__hover_enabled=&#8221;on|desktop&#8221; show_title_and_caption__hover=&#8221;off&#8221;][\/et_pb_gallery][\/et_pb_column][\/et_pb_row][\/et_pb_section][et_pb_section fb_built=&#8221;1&#8243; module_id=&#8221;wintertent&#8221; _builder_version=&#8221;4.24.0&#8243; _module_preset=&#8221;default&#8221; custom_margin=&#8221;||||false|false&#8221; custom_padding=&#8221;0px||||false|false&#8221; global_colors_info=&#8221;{}&#8221;][et_pb_row _builder_version=&#8221;4.16&#8243; _module_preset=&#8221;default&#8221; global_colors_info=&#8221;{}&#8221;][et_pb_column type=&#8221;4_4&#8243; _builder_version=&#8221;4.16&#8243; _module_preset=&#8221;default&#8221; global_colors_info=&#8221;{}&#8221;][\/et_pb_column][\/et_pb_row][et_pb_row _builder_version=&#8221;4.16&#8243; _module_preset=&#8221;default&#8221; global_colors_info=&#8221;{}&#8221;][et_pb_column type=&#8221;4_4&#8243; _builder_version=&#8221;4.16&#8243; _module_preset=&#8221;default&#8221; global_colors_info=&#8221;{}&#8221;][\/et_pb_column][\/et_pb_row][\/et_pb_section]<\/p>\n","protected":false},"excerpt":{"rendered":"<p>GalleryFoodRestaurantGarden<\/p>\n","protected":false},"author":4,"featured_media":0,"parent":0,"menu_order":0,"comment_status":"closed","ping_status":"closed","template":"","meta":{"_et_pb_use_builder":"on","_et_pb_old_content":"","_et_gb_content_width":"","footnotes":""},"class_list":["post-1063","page","type-page","status-publish","hentry"],"yoast_head":"<!-- This site is optimized with the Yoast SEO plugin v27.2 - https:\/\/yoast.com\/product\/yoast-seo-wordpress\/ -->\n<title>Gallery - N\u00e1ncsi N\u00e9ni<\/title>\n<meta name=\"robots\" content=\"index, follow, max-snippet:-1, max-image-preview:large, max-video-preview:-1\" \/>\n<link rel=\"canonical\" href=\"https:\/\/nancsineni.hu\/en\/galeria\/\" \/>\n<meta property=\"og:locale\" content=\"en_US\" \/>\n<meta property=\"og:type\" content=\"article\" \/>\n<meta property=\"og:title\" content=\"Gallery - N\u00e1ncsi N\u00e9ni\" \/>\n<meta property=\"og:description\" content=\"GalleryFoodRestaurantGarden\" \/>\n<meta property=\"og:url\" content=\"https:\/\/nancsineni.hu\/galeria\/\" \/>\n<meta property=\"og:site_name\" content=\"N\u00e1ncsi N\u00e9ni\" \/>\n<meta property=\"article:modified_time\" content=\"2024-11-27T20:12:52+00:00\" \/>\n<meta name=\"twitter:card\" content=\"summary_large_image\" \/>\n<meta name=\"twitter:label1\" content=\"Est. reading time\" \/>\n\t<meta name=\"twitter:data1\" content=\"1 minute\" \/>\n<script type=\"application\/ld+json\" class=\"yoast-schema-graph\">{\"@context\":\"https:\/\/schema.org\",\"@graph\":[{\"@type\":\"WebPage\",\"@id\":\"https:\/\/nancsineni.hu\/galeria\/\",\"url\":\"https:\/\/nancsineni.hu\/galeria\/\",\"name\":\"Gallery - N\u00e1ncsi N\u00e9ni\",\"isPartOf\":{\"@id\":\"https:\/\/nancsineni.hu\/#website\"},\"datePublished\":\"2021-02-17T09:45:37+00:00\",\"dateModified\":\"2024-11-27T20:12:52+00:00\",\"inLanguage\":\"en-US\",\"potentialAction\":[{\"@type\":\"ReadAction\",\"target\":[\"https:\/\/nancsineni.hu\/galeria\/\"]}]},{\"@type\":\"WebSite\",\"@id\":\"https:\/\/nancsineni.hu\/#website\",\"url\":\"https:\/\/nancsineni.hu\/\",\"name\":\"N\u00e1ncsi N\u00e9ni\",\"description\":\"Budapest\",\"publisher\":{\"@id\":\"https:\/\/nancsineni.hu\/#organization\"},\"potentialAction\":[{\"@type\":\"SearchAction\",\"target\":{\"@type\":\"EntryPoint\",\"urlTemplate\":\"https:\/\/nancsineni.hu\/?s={search_term_string}\"},\"query-input\":{\"@type\":\"PropertyValueSpecification\",\"valueRequired\":true,\"valueName\":\"search_term_string\"}}],\"inLanguage\":\"en-US\"},{\"@type\":\"Organization\",\"@id\":\"https:\/\/nancsineni.hu\/#organization\",\"name\":\"N\u00e1ncsi N\u00e9ni Vend\u00e9gl\u0151je\",\"url\":\"https:\/\/nancsineni.hu\/\",\"logo\":{\"@type\":\"ImageObject\",\"inLanguage\":\"en-US\",\"@id\":\"https:\/\/nancsineni.hu\/#\/schema\/logo\/image\/\",\"url\":\"https:\/\/nancsineni.hu\/wp-content\/uploads\/2020\/10\/nancsi-neni-vendegloje-logo.png\",\"contentUrl\":\"https:\/\/nancsineni.hu\/wp-content\/uploads\/2020\/10\/nancsi-neni-vendegloje-logo.png\",\"width\":633,\"height\":195,\"caption\":\"N\u00e1ncsi N\u00e9ni Vend\u00e9gl\u0151je\"},\"image\":{\"@id\":\"https:\/\/nancsineni.hu\/#\/schema\/logo\/image\/\"}}]}<\/script>\n<!-- \/ Yoast SEO plugin. -->","yoast_head_json":{"title":"Gallery - N\u00e1ncsi N\u00e9ni","robots":{"index":"index","follow":"follow","max-snippet":"max-snippet:-1","max-image-preview":"max-image-preview:large","max-video-preview":"max-video-preview:-1"},"canonical":"https:\/\/nancsineni.hu\/en\/galeria\/","og_locale":"en_US","og_type":"article","og_title":"Gallery - N\u00e1ncsi N\u00e9ni","og_description":"GalleryFoodRestaurantGarden","og_url":"https:\/\/nancsineni.hu\/galeria\/","og_site_name":"N\u00e1ncsi N\u00e9ni","article_modified_time":"2024-11-27T20:12:52+00:00","twitter_card":"summary_large_image","twitter_misc":{"Est. reading time":"1 minute"},"schema":{"@context":"https:\/\/schema.org","@graph":[{"@type":"WebPage","@id":"https:\/\/nancsineni.hu\/galeria\/","url":"https:\/\/nancsineni.hu\/galeria\/","name":"Gallery - N\u00e1ncsi N\u00e9ni","isPartOf":{"@id":"https:\/\/nancsineni.hu\/#website"},"datePublished":"2021-02-17T09:45:37+00:00","dateModified":"2024-11-27T20:12:52+00:00","inLanguage":"en-US","potentialAction":[{"@type":"ReadAction","target":["https:\/\/nancsineni.hu\/galeria\/"]}]},{"@type":"WebSite","@id":"https:\/\/nancsineni.hu\/#website","url":"https:\/\/nancsineni.hu\/","name":"N\u00e1ncsi N\u00e9ni","description":"Budapest","publisher":{"@id":"https:\/\/nancsineni.hu\/#organization"},"potentialAction":[{"@type":"SearchAction","target":{"@type":"EntryPoint","urlTemplate":"https:\/\/nancsineni.hu\/?s={search_term_string}"},"query-input":{"@type":"PropertyValueSpecification","valueRequired":true,"valueName":"search_term_string"}}],"inLanguage":"en-US"},{"@type":"Organization","@id":"https:\/\/nancsineni.hu\/#organization","name":"N\u00e1ncsi N\u00e9ni Vend\u00e9gl\u0151je","url":"https:\/\/nancsineni.hu\/","logo":{"@type":"ImageObject","inLanguage":"en-US","@id":"https:\/\/nancsineni.hu\/#\/schema\/logo\/image\/","url":"https:\/\/nancsineni.hu\/wp-content\/uploads\/2020\/10\/nancsi-neni-vendegloje-logo.png","contentUrl":"https:\/\/nancsineni.hu\/wp-content\/uploads\/2020\/10\/nancsi-neni-vendegloje-logo.png","width":633,"height":195,"caption":"N\u00e1ncsi N\u00e9ni Vend\u00e9gl\u0151je"},"image":{"@id":"https:\/\/nancsineni.hu\/#\/schema\/logo\/image\/"}}]}},"_links":{"self":[{"href":"https:\/\/nancsineni.hu\/en\/wp-json\/wp\/v2\/pages\/1063","targetHints":{"allow":["GET"]}}],"collection":[{"href":"https:\/\/nancsineni.hu\/en\/wp-json\/wp\/v2\/pages"}],"about":[{"href":"https:\/\/nancsineni.hu\/en\/wp-json\/wp\/v2\/types\/page"}],"author":[{"embeddable":true,"href":"https:\/\/nancsineni.hu\/en\/wp-json\/wp\/v2\/users\/4"}],"replies":[{"embeddable":true,"href":"https:\/\/nancsineni.hu\/en\/wp-json\/wp\/v2\/comments?post=1063"}],"version-history":[{"count":7,"href":"https:\/\/nancsineni.hu\/en\/wp-json\/wp\/v2\/pages\/1063\/revisions"}],"predecessor-version":[{"id":5328,"href":"https:\/\/nancsineni.hu\/en\/wp-json\/wp\/v2\/pages\/1063\/revisions\/5328"}],"wp:attachment":[{"href":"https:\/\/nancsineni.hu\/en\/wp-json\/wp\/v2\/media?parent=1063"}],"curies":[{"name":"wp","href":"https:\/\/api.w.org\/{rel}","templated":true}]}}