{"id":1886,"date":"2020-11-02T13:40:46","date_gmt":"2020-11-02T13:40:46","guid":{"rendered":"https:\/\/nancsineni.hu\/libanapi-ajanlat\/"},"modified":"2025-11-14T07:16:51","modified_gmt":"2025-11-14T07:16:51","slug":"goose-days-offer","status":"publish","type":"page","link":"https:\/\/nancsineni.hu\/en\/goose-days-offer\/","title":{"rendered":"Goose days offer"},"content":{"rendered":"<p>[et_pb_section fb_built=&#8221;1&#8243; module_id=&#8221;hetvegi-ajanlat&#8221; _builder_version=&#8221;4.16&#8243; _module_preset=&#8221;default&#8221; global_colors_info=&#8221;{}&#8221;][et_pb_row custom_padding_last_edited=&#8221;on|desktop&#8221; module_class=&#8221;stickey-menu-header&#8221; _builder_version=&#8221;4.16&#8243; _module_preset=&#8221;default&#8221; width=&#8221;100%&#8221; max_width=&#8221;100%&#8221; custom_padding=&#8221;||0px||false|false&#8221; custom_padding_tablet=&#8221;|0px|0px|0px|false|true&#8221; custom_padding_phone=&#8221;&#8221; global_colors_info=&#8221;{}&#8221;][et_pb_column type=&#8221;4_4&#8243; _builder_version=&#8221;4.16&#8243; _module_preset=&#8221;default&#8221; global_colors_info=&#8221;{}&#8221;][et_pb_divider divider_weight=&#8221;3px&#8221; _builder_version=&#8221;4.16&#8243; _module_preset=&#8221;default&#8221; width=&#8221;100%&#8221; max_width=&#8221;100%&#8221; module_alignment=&#8221;center&#8221; custom_margin=&#8221;||-5px||false|false&#8221; custom_padding=&#8221;||||false|false&#8221; global_colors_info=&#8221;{}&#8221;][\/et_pb_divider][et_pb_text _builder_version=&#8221;4.27.0&#8243; _module_preset=&#8221;default&#8221; header_font=&#8221;|600|||||||&#8221; header_text_align=&#8221;center&#8221; header_text_color=&#8221;#484848&#8243; custom_padding=&#8221;10px||||false|false&#8221; global_colors_info=&#8221;{}&#8221;]<\/p>\n<h1 style=\"text-align: center;\">N\u00e1ncsi N\u00e9ni&#8217;s Goose Days offers<\/h1>\n<p>[\/et_pb_text][et_pb_divider divider_weight=&#8221;3px&#8221; _builder_version=&#8221;4.16&#8243; _module_preset=&#8221;default&#8221; width=&#8221;100%&#8221; max_width=&#8221;100%&#8221; module_alignment=&#8221;center&#8221; custom_margin=&#8221;-20px||||false|false&#8221; global_colors_info=&#8221;{}&#8221;][\/et_pb_divider][\/et_pb_column][\/et_pb_row][et_pb_row _builder_version=&#8221;4.16&#8243; _module_preset=&#8221;default&#8221; global_colors_info=&#8221;{}&#8221;][et_pb_column type=&#8221;4_4&#8243; _builder_version=&#8221;4.16&#8243; _module_preset=&#8221;default&#8221; global_colors_info=&#8221;{}&#8221;][et_pb_text _builder_version=&#8221;4.27.0&#8243; _module_preset=&#8221;default&#8221; text_text_color=&#8221;#C39D63&#8243; header_text_align=&#8221;center&#8221; text_orientation=&#8221;center&#8221; global_colors_info=&#8221;{}&#8221;]<\/p>\n<p><strong>Dear Guests,<\/strong><\/p>\n<p><span>We are waiting for you with lots of delicious dishes every day.<\/span><span><\/span><\/p>\n<p><span>We look forward to receiving your reservations and orders at the following contact details:<\/span><\/p>\n<p><em><\/em>Mobile: <strong><a href=\"tel:+3613972742\">+36 30 162 31 20<\/a><\/strong><br \/>e-mail: <a href=\"mailto:info@nancsineni.hu\"><strong>nancsinenifoglalas@gmail.com<\/strong><\/a><br \/>Address: <a href=\"https:\/\/goo.gl\/maps\/jHGM7o24wnRGpWo68\"><strong>1029 Budapest, \u00d6rd\u00f6g\u00e1rok u. 80.<\/strong><\/a><br \/><em><\/em><\/p>\n<p>In addition to our seasonal offer, our full \u00e0 la carte menu is also available for ordering.<\/p>\n<p>We welcome you every day from 12:00 pm to 10:00 pm.<\/p>\n<p>We hope to see you soon,<br \/>Restauran N\u00e1ncsi N\u00e9ni<\/p>\n<p>[\/et_pb_text][\/et_pb_column][\/et_pb_row][et_pb_row _builder_version=&#8221;4.16&#8243; _module_preset=&#8221;default&#8221; global_colors_info=&#8221;{}&#8221;][et_pb_column type=&#8221;4_4&#8243; _builder_version=&#8221;4.16&#8243; _module_preset=&#8221;default&#8221; global_colors_info=&#8221;{}&#8221;][et_pb_divider divider_weight=&#8221;2px&#8221; _builder_version=&#8221;4.16&#8243; _module_preset=&#8221;default&#8221; width=&#8221;900px&#8221; max_width=&#8221;100%&#8221; module_alignment=&#8221;center&#8221; custom_margin=&#8221;||-5px||false|false&#8221; global_colors_info=&#8221;{}&#8221;][\/et_pb_divider][et_pb_text _builder_version=&#8221;4.27.4&#8243; _module_preset=&#8221;default&#8221; header_2_font=&#8221;|600|||||||&#8221; global_colors_info=&#8221;{}&#8221;]<\/p>\n<h2 style=\"text-align: center;\">Our Goose Days offers<br \/>starting from October 31st, 2025<\/h2>\n<p>[\/et_pb_text][et_pb_divider divider_weight=&#8221;2px&#8221; _builder_version=&#8221;4.16&#8243; _module_preset=&#8221;default&#8221; width=&#8221;900px&#8221; max_width=&#8221;100%&#8221; module_alignment=&#8221;center&#8221; custom_margin=&#8221;-20px||5px||false|false&#8221; global_colors_info=&#8221;{}&#8221;][\/et_pb_divider][\/et_pb_column][\/et_pb_row][et_pb_row _builder_version=&#8221;4.16&#8243; _module_preset=&#8221;default&#8221; custom_padding=&#8221;||||false|false&#8221; global_colors_info=&#8221;{}&#8221;][et_pb_column type=&#8221;4_4&#8243; _builder_version=&#8221;4.16&#8243; _module_preset=&#8221;default&#8221; global_colors_info=&#8221;{}&#8221;][et_pb_text _builder_version=&#8221;4.27.4&#8243; _module_preset=&#8221;default&#8221; text_orientation=&#8221;center&#8221; hover_enabled=&#8221;0&#8243; global_colors_info=&#8221;{}&#8221; sticky_enabled=&#8221;0&#8243;]<\/p>\n<p><span style=\"text-decoration: underline;\"><strong><strong style=\"color: #c39d63; text-decoration: underline;\">STARTERS:<\/strong><\/strong><\/span><\/p>\n<p><strong>Fresh, crispy goose greaves <\/strong>(LF)<br \/>Served with purple onion salad in vinegar and fresh bread.<br \/><strong style=\"color: #c39d63;\">3 570.-<\/strong><\/p>\n<p><strong>&#8216;Tunkedli&#8217;<\/strong><br \/>Duck liver nibbles braised in their own grease, served in a small pot with fresh bread and purple onion salad in vinegar.<br \/><strong style=\"color: #c39d63;\">6 750.-<\/strong><\/p>\n<p><span><strong>Fresh duck liver with steamed grape<\/strong><br \/>The duck liver is marinated in Sherry during a night then seared on a hot grill. From the marinade we prepare a sauce in that stoned grapes are steamed. We offer this delicious sauce to the nice duck liver served on coated milk-loaf.<br \/><strong><strong style=\"color: #c39d63;\">9 850.-<\/strong><\/strong><\/span><\/p>\n<p><strong style=\"color: #c39d63;\"><\/strong><\/p>\n<p><span style=\"text-decoration: underline;\"><strong style=\"color: #c39d63; text-decoration: underline;\"><\/strong><\/span><\/p>\n<p><span style=\"text-decoration: underline;\"><strong style=\"color: #c39d63; text-decoration: underline;\">SOUPS:<\/strong><\/span><strong style=\"color: #c39d63;\"><strong><\/strong><\/strong><\/p>\n<p><strong>Goose liver soup<\/strong><br \/>Soup of goose meat parfumed with Port wine and offered with a slice of marinated, grilled goose liver<br \/>and black truffle flavoured semolina dumpling.<br \/><strong style=\"color: #c39d63;\">3 850.-<\/strong><strong><\/strong><\/p>\n<p><strong>Goose broth with matzo balls<\/strong> (LF)<br \/>Served with soft and tender goose meat, vegetables and small noodles.<br \/><strong style=\"color: #c39d63;\">4 380.-<\/strong><\/p>\n<p><strong>Pumpkin cream soup <\/strong>(GF)<br \/>Parfumed with a few drops of pumkin seed oil from \u0150rs\u00e9g and sprinkled with toasted pumpkin seeds.<br \/><strong style=\"color: #c39d63;\">2 890.-<\/strong><\/p>\n<p><span style=\"text-decoration: underline;\"><span style=\"color: #333333; text-decoration: underline;\"><strong style=\"color: #c39d63; text-decoration: underline;\"><\/strong><\/span><\/span><\/p>\n<p><span style=\"text-decoration: underline;\"><span style=\"color: #333333; text-decoration: underline;\"><strong style=\"color: #c39d63; text-decoration: underline;\">MAIN COURSES:<\/strong><\/span><\/span><\/p>\n<p><strong>&#8216;Wedding goose&#8217; &#8211; Crispy goose leg <\/strong>(LF)<br \/>A crispy leg of goose with a slice of grilled duck liver, steamed red cabbage, in red wine stewed prune,<br \/>stewed apple with saffron and saut\u00e9ed potatoes mashed up with onion.<br \/><strong style=\"color: #c39d63;\">8 45<\/strong><strong style=\"color: #c39d63;\">0.-<\/strong><\/p>\n<p><strong>Grilled duck liver slices<\/strong><br \/>Served with roast apples, crispy onion rings and mashed potato.<br \/><strong style=\"color: #c39d63;\">13 400.-<\/strong><\/p>\n<p><strong>Crispy goose leg<\/strong> (GF)<br \/>Served with mashed potato and in red wine steamed prune.<br \/><strong style=\"color: #c39d63;\">7 580.-<\/strong><\/p>\n<p><strong>Cassoulet, baked in iron pot <\/strong>(LF)<br \/>With stuffed gooseneck, pearl barley and hard-boiled egg.<br \/><strong style=\"color: #c39d63;\">5 980.-<\/strong><\/p>\n<p><strong>Breast of goose in hunter\u2019s sauce<br \/><\/strong>Braised in a piquant marinade with lots of vegetables. From the vegetables we prepare hunter\u2019s sauce. Served with sour cream and grilled slices of freshly-shot dumplings.<br \/><strong style=\"color: #c39d63;\">6 780.-<\/strong><strong style=\"color: #c39d63;\"><\/strong><strong style=\"color: #c39d63;\"><\/strong><\/p>\n<p><strong>Oven baked crispy duck<\/strong> (GF, LF)<br \/>Served with steamed red cabbage, in red wine stewed prune, stewed apple with saffron and saut\u00e9ed potatoes mashed up with onion to it.<br \/><strong style=\"color: #c39d63;\">7 580.-<\/strong> \/for one person<br \/><strong style=\"color: #c39d63;\">15 160.-<\/strong> \/for two personnes<strong style=\"color: #c39d63;\"><\/strong><strong style=\"color: #c39d63;\"><\/strong><\/p>\n<p><strong>Goose liver pot with rice and vegetables<\/strong> (LF, GF)<br \/>Vegetables were braised in goose broth, gooze gizzard and meat, then seared on onion and finally mixed with mushroom flavoured steamed rice. Served with steamed red cabbage and stewed apple with saffron. Finally, the goose liver pot crowned with a slice of grilled duck liver.<br \/><strong style=\"color: #c39d63;\">7 540.-<\/strong><\/p>\n<div class=\"page\" title=\"Page 4\">\n<div class=\"layoutArea\">\n<div class=\"column\">\n<p><span style=\"text-decoration: underline;\"><span style=\"color: #333333; text-decoration: underline;\"><strong style=\"color: #c39d63; text-decoration: underline;\"><\/strong><\/span><\/span><\/p>\n<p><span style=\"text-decoration: underline;\"><span style=\"color: #333333; text-decoration: underline;\"><strong style=\"color: #c39d63; text-decoration: underline;\">SEASONAL OFFER:<\/strong><\/span><\/span><\/p>\n<p><b>Hungarian pike-perch fillets<\/b><br \/>Grilled or breaded pike-perch fillets, served with buttered parsley potatoes and homemad tartar sauce.<br \/><strong style=\"font-weight: 400;\"><strong style=\"color: #c39d63;\">7 210<\/strong><strong style=\"color: #c39d63;\">.-<\/strong><\/strong><strong><\/strong><\/p>\n<p><span><strong>Stuffed cabbage<\/strong>\u00a0(GF)<\/span><br \/><span>In soup plate with sour cream.<\/span><br \/><strong><span><strong style=\"color: #c39d63;\">5 78<\/strong><strong style=\"color: #c39d63;\">0.-<\/strong><\/span><\/strong><strong><span><strong style=\"color: #c39d63;\"><\/strong><\/span><\/strong><\/p>\n<p><span><strong>Crispy king prawns fried in panko crumbs<\/strong> (LF)<br \/>We serve this light dish with saffron seasoned rice, fresh salad and sweet chili sauce.<br \/><\/span><span><strong><strong style=\"color: #c39d63;\"><\/strong><\/strong><\/span><span><strong><strong style=\"color: #c39d63;\">7 39<\/strong><strong style=\"color: #c39d63;\">0.-<\/strong><\/strong><\/span><\/p>\n<p><span><strong>Hungarian chicken paprikash with sour cream<\/strong><br \/>(without bone because of the children)<br \/>Served with Hungarian-style flour-based noodles. It\u2019s the best to eat it with a big spoon.<br \/><strong><span style=\"color: #c39d63;\">5 780.-<\/span><\/strong><\/span><\/p>\n<p><span><strong><span style=\"color: #c39d63;\"><\/span><\/strong><\/span><\/p>\n<p><em>*<\/em><em>Sch\u00e4r gluten free bread can be ordered.<br \/><\/em><em>*<\/em><em>Your waiter gives information on allergen ingredients.<\/em><\/p>\n<p><em><\/em><\/p>\n<p><em><\/em><\/p>\n<\/div>\n<\/div>\n<\/div>\n<p><span style=\"text-decoration: underline;\"><strong style=\"color: #c39d63; text-decoration: underline;\">DESSERTS:<\/strong><\/span><\/p>\n<p><strong>Chestnut pur\u00e9e <\/strong>(GF)<br \/>With whipped cream.<br \/><strong style=\"color: #c39d63;\">2 580.-<\/strong><\/p>\n<p><span><strong>Hungarian poppy seed delicacy\u00a0prepared by our way<\/strong><br \/>With lots of opium, made with traditional bread roll, then baked in oven until crispy.<br \/>Served with hot vanilla sauce.<\/span><br \/><strong style=\"color: #c39d63;\">2 580.-<\/strong><strong style=\"color: #c39d63;\"><\/strong><\/p>\n<p><b>Prepared from the best French Valrhona chocolate: chocolate souffl\u00e9<\/b><br \/>An artful dessert for the gourmets, baked in a small crock.<br \/>A soft, warm pastry outside and a hot, liquid chocolate within.<br \/><strong style=\"color: #c39d63;\">2 950.-<\/strong><\/p>\n<p><strong style=\"color: #c39d63;\"><span><em><\/em><\/span><\/strong><\/p>\n<p><span style=\"color: #000000;\">The invoice includes 15 % service charge.<\/span><\/p>\n<p>&nbsp;<\/p>\n<p>[\/et_pb_text][et_pb_button button_url=&#8221;#reservation&#8221; button_text=&#8221;Make reservation&#8221; button_alignment=&#8221;center&#8221; _builder_version=&#8221;4.16&#8243; _module_preset=&#8221;default&#8221; global_colors_info=&#8221;{}&#8221;][\/et_pb_button][\/et_pb_column][\/et_pb_row][\/et_pb_section]<\/p>\n","protected":false},"excerpt":{"rendered":"<p>N\u00e1ncsi N\u00e9ni&#8217;s Goose Days offersDear Guests, We are waiting for you with lots of delicious dishes every day. We look forward to receiving your reservations and orders at the following contact details: Mobile: +36 30 162 31 20e-mail: nancsinenifoglalas@gmail.comAddress: 1029 Budapest, \u00d6rd\u00f6g\u00e1rok u. 80. In addition to our seasonal offer, our full \u00e0 la carte [&hellip;]<\/p>\n","protected":false},"author":4,"featured_media":0,"parent":0,"menu_order":0,"comment_status":"closed","ping_status":"closed","template":"","meta":{"_et_pb_use_builder":"on","_et_pb_old_content":"","_et_gb_content_width":"","footnotes":""},"class_list":["post-1886","page","type-page","status-publish","hentry"],"yoast_head":"<!-- This site is optimized with the Yoast SEO plugin v27.5 - https:\/\/yoast.com\/product\/yoast-seo-wordpress\/ -->\n<title>Goose days offer - N\u00e1ncsi N\u00e9ni<\/title>\n<meta name=\"robots\" content=\"noindex, follow\" \/>\n<meta property=\"og:locale\" content=\"en_US\" \/>\n<meta property=\"og:type\" content=\"article\" \/>\n<meta property=\"og:title\" content=\"Goose days offer - N\u00e1ncsi N\u00e9ni\" \/>\n<meta property=\"og:description\" content=\"N\u00e1ncsi N\u00e9ni&#039;s Goose Days offersDear Guests, We are waiting for you with lots of delicious dishes every day. We look forward to receiving your reservations and orders at the following contact details: Mobile: +36 30 162 31 20e-mail: nancsinenifoglalas@gmail.comAddress: 1029 Budapest, \u00d6rd\u00f6g\u00e1rok u. 80. In addition to our seasonal offer, our full \u00e0 la carte [&hellip;]\" \/>\n<meta property=\"og:url\" content=\"https:\/\/nancsineni.hu\/libanapi-ajanlat\/\" \/>\n<meta property=\"og:site_name\" content=\"N\u00e1ncsi N\u00e9ni\" \/>\n<meta property=\"article:modified_time\" content=\"2025-11-14T07:16:51+00:00\" \/>\n<meta name=\"twitter:card\" content=\"summary_large_image\" \/>\n<meta name=\"twitter:label1\" content=\"Est. reading time\" \/>\n\t<meta name=\"twitter:data1\" content=\"6 minutes\" \/>\n<script type=\"application\/ld+json\" class=\"yoast-schema-graph\">{\"@context\":\"https:\\\/\\\/schema.org\",\"@graph\":[{\"@type\":\"WebPage\",\"@id\":\"https:\\\/\\\/nancsineni.hu\\\/libanapi-ajanlat\\\/\",\"url\":\"https:\\\/\\\/nancsineni.hu\\\/libanapi-ajanlat\\\/\",\"name\":\"Goose days offer - N\u00e1ncsi N\u00e9ni\",\"isPartOf\":{\"@id\":\"https:\\\/\\\/nancsineni.hu\\\/#website\"},\"datePublished\":\"2020-11-02T13:40:46+00:00\",\"dateModified\":\"2025-11-14T07:16:51+00:00\",\"inLanguage\":\"en-US\",\"potentialAction\":[{\"@type\":\"ReadAction\",\"target\":[\"https:\\\/\\\/nancsineni.hu\\\/libanapi-ajanlat\\\/\"]}]},{\"@type\":\"WebSite\",\"@id\":\"https:\\\/\\\/nancsineni.hu\\\/#website\",\"url\":\"https:\\\/\\\/nancsineni.hu\\\/\",\"name\":\"N\u00e1ncsi N\u00e9ni\",\"description\":\"Budapest\",\"publisher\":{\"@id\":\"https:\\\/\\\/nancsineni.hu\\\/#organization\"},\"potentialAction\":[{\"@type\":\"SearchAction\",\"target\":{\"@type\":\"EntryPoint\",\"urlTemplate\":\"https:\\\/\\\/nancsineni.hu\\\/?s={search_term_string}\"},\"query-input\":{\"@type\":\"PropertyValueSpecification\",\"valueRequired\":true,\"valueName\":\"search_term_string\"}}],\"inLanguage\":\"en-US\"},{\"@type\":\"Organization\",\"@id\":\"https:\\\/\\\/nancsineni.hu\\\/#organization\",\"name\":\"N\u00e1ncsi N\u00e9ni Vend\u00e9gl\u0151je\",\"url\":\"https:\\\/\\\/nancsineni.hu\\\/\",\"logo\":{\"@type\":\"ImageObject\",\"inLanguage\":\"en-US\",\"@id\":\"https:\\\/\\\/nancsineni.hu\\\/#\\\/schema\\\/logo\\\/image\\\/\",\"url\":\"https:\\\/\\\/nancsineni.hu\\\/wp-content\\\/uploads\\\/2020\\\/10\\\/nancsi-neni-vendegloje-logo.png\",\"contentUrl\":\"https:\\\/\\\/nancsineni.hu\\\/wp-content\\\/uploads\\\/2020\\\/10\\\/nancsi-neni-vendegloje-logo.png\",\"width\":633,\"height\":195,\"caption\":\"N\u00e1ncsi N\u00e9ni Vend\u00e9gl\u0151je\"},\"image\":{\"@id\":\"https:\\\/\\\/nancsineni.hu\\\/#\\\/schema\\\/logo\\\/image\\\/\"}}]}<\/script>\n<!-- \/ Yoast SEO plugin. -->","yoast_head_json":{"title":"Goose days offer - N\u00e1ncsi N\u00e9ni","robots":{"index":"noindex","follow":"follow"},"og_locale":"en_US","og_type":"article","og_title":"Goose days offer - N\u00e1ncsi N\u00e9ni","og_description":"N\u00e1ncsi N\u00e9ni's Goose Days offersDear Guests, We are waiting for you with lots of delicious dishes every day. We look forward to receiving your reservations and orders at the following contact details: Mobile: +36 30 162 31 20e-mail: nancsinenifoglalas@gmail.comAddress: 1029 Budapest, \u00d6rd\u00f6g\u00e1rok u. 80. In addition to our seasonal offer, our full \u00e0 la carte [&hellip;]","og_url":"https:\/\/nancsineni.hu\/libanapi-ajanlat\/","og_site_name":"N\u00e1ncsi N\u00e9ni","article_modified_time":"2025-11-14T07:16:51+00:00","twitter_card":"summary_large_image","twitter_misc":{"Est. reading time":"6 minutes"},"schema":{"@context":"https:\/\/schema.org","@graph":[{"@type":"WebPage","@id":"https:\/\/nancsineni.hu\/libanapi-ajanlat\/","url":"https:\/\/nancsineni.hu\/libanapi-ajanlat\/","name":"Goose days offer - N\u00e1ncsi N\u00e9ni","isPartOf":{"@id":"https:\/\/nancsineni.hu\/#website"},"datePublished":"2020-11-02T13:40:46+00:00","dateModified":"2025-11-14T07:16:51+00:00","inLanguage":"en-US","potentialAction":[{"@type":"ReadAction","target":["https:\/\/nancsineni.hu\/libanapi-ajanlat\/"]}]},{"@type":"WebSite","@id":"https:\/\/nancsineni.hu\/#website","url":"https:\/\/nancsineni.hu\/","name":"N\u00e1ncsi N\u00e9ni","description":"Budapest","publisher":{"@id":"https:\/\/nancsineni.hu\/#organization"},"potentialAction":[{"@type":"SearchAction","target":{"@type":"EntryPoint","urlTemplate":"https:\/\/nancsineni.hu\/?s={search_term_string}"},"query-input":{"@type":"PropertyValueSpecification","valueRequired":true,"valueName":"search_term_string"}}],"inLanguage":"en-US"},{"@type":"Organization","@id":"https:\/\/nancsineni.hu\/#organization","name":"N\u00e1ncsi N\u00e9ni Vend\u00e9gl\u0151je","url":"https:\/\/nancsineni.hu\/","logo":{"@type":"ImageObject","inLanguage":"en-US","@id":"https:\/\/nancsineni.hu\/#\/schema\/logo\/image\/","url":"https:\/\/nancsineni.hu\/wp-content\/uploads\/2020\/10\/nancsi-neni-vendegloje-logo.png","contentUrl":"https:\/\/nancsineni.hu\/wp-content\/uploads\/2020\/10\/nancsi-neni-vendegloje-logo.png","width":633,"height":195,"caption":"N\u00e1ncsi N\u00e9ni Vend\u00e9gl\u0151je"},"image":{"@id":"https:\/\/nancsineni.hu\/#\/schema\/logo\/image\/"}}]}},"_links":{"self":[{"href":"https:\/\/nancsineni.hu\/en\/wp-json\/wp\/v2\/pages\/1886","targetHints":{"allow":["GET"]}}],"collection":[{"href":"https:\/\/nancsineni.hu\/en\/wp-json\/wp\/v2\/pages"}],"about":[{"href":"https:\/\/nancsineni.hu\/en\/wp-json\/wp\/v2\/types\/page"}],"author":[{"embeddable":true,"href":"https:\/\/nancsineni.hu\/en\/wp-json\/wp\/v2\/users\/4"}],"replies":[{"embeddable":true,"href":"https:\/\/nancsineni.hu\/en\/wp-json\/wp\/v2\/comments?post=1886"}],"version-history":[{"count":60,"href":"https:\/\/nancsineni.hu\/en\/wp-json\/wp\/v2\/pages\/1886\/revisions"}],"predecessor-version":[{"id":6051,"href":"https:\/\/nancsineni.hu\/en\/wp-json\/wp\/v2\/pages\/1886\/revisions\/6051"}],"wp:attachment":[{"href":"https:\/\/nancsineni.hu\/en\/wp-json\/wp\/v2\/media?parent=1886"}],"curies":[{"name":"wp","href":"https:\/\/api.w.org\/{rel}","templated":true}]}}