{"id":2132,"date":"2021-12-08T10:07:35","date_gmt":"2021-12-08T10:07:35","guid":{"rendered":"https:\/\/nancsineni.hu\/ajandekutalvany\/"},"modified":"2026-01-09T11:51:14","modified_gmt":"2026-01-09T11:51:14","slug":"voucher","status":"publish","type":"page","link":"https:\/\/nancsineni.hu\/en\/voucher\/","title":{"rendered":"Voucher"},"content":{"rendered":"<p>[et_pb_section fb_built=&#8221;1&#8243; module_id=&#8221;hetvegi-ajanlat&#8221; _builder_version=&#8221;4.16&#8243; _module_preset=&#8221;default&#8221; global_colors_info=&#8221;{}&#8221;][et_pb_row custom_padding_last_edited=&#8221;on|desktop&#8221; _builder_version=&#8221;4.16&#8243; _module_preset=&#8221;default&#8221; width=&#8221;100%&#8221; max_width=&#8221;100%&#8221; custom_padding=&#8221;||0px||false|false&#8221; custom_padding_tablet=&#8221;|0px|0px|0px|false|true&#8221; custom_padding_phone=&#8221;&#8221; global_colors_info=&#8221;{}&#8221;][et_pb_column type=&#8221;4_4&#8243; _builder_version=&#8221;4.16&#8243; _module_preset=&#8221;default&#8221; global_colors_info=&#8221;{}&#8221;][et_pb_divider divider_weight=&#8221;3px&#8221; _builder_version=&#8221;4.16&#8243; _module_preset=&#8221;default&#8221; width=&#8221;100%&#8221; max_width=&#8221;100%&#8221; module_alignment=&#8221;center&#8221; custom_margin=&#8221;||-5px||false|false&#8221; custom_padding=&#8221;||||false|false&#8221; global_colors_info=&#8221;{}&#8221;][\/et_pb_divider][et_pb_text _builder_version=&#8221;4.16&#8243; _module_preset=&#8221;default&#8221; header_font=&#8221;|600|||||||&#8221; header_text_align=&#8221;center&#8221; header_text_color=&#8221;#484848&#8243; custom_padding=&#8221;10px||||false|false&#8221; global_colors_info=&#8221;{}&#8221;]<\/p>\n<h1 style=\"text-align: center;\"><span>Voucher<\/span><\/h1>\n<p>[\/et_pb_text][et_pb_divider divider_weight=&#8221;3px&#8221; _builder_version=&#8221;4.16&#8243; _module_preset=&#8221;default&#8221; width=&#8221;100%&#8221; max_width=&#8221;100%&#8221; module_alignment=&#8221;center&#8221; custom_margin=&#8221;-20px||||false|false&#8221; global_colors_info=&#8221;{}&#8221;][\/et_pb_divider][\/et_pb_column][\/et_pb_row][et_pb_row column_structure=&#8221;3_5,2_5&#8243; make_equal=&#8221;on&#8221; _builder_version=&#8221;4.16&#8243; _module_preset=&#8221;default&#8221; custom_margin=&#8221;||30px||false|false&#8221; global_colors_info=&#8221;{}&#8221;][et_pb_column type=&#8221;3_5&#8243; _builder_version=&#8221;4.16&#8243; _module_preset=&#8221;default&#8221; global_colors_info=&#8221;{}&#8221;][et_pb_text _builder_version=&#8221;4.27.4&#8243; _module_preset=&#8221;default&#8221; global_colors_info=&#8221;{}&#8221;]<\/p>\n<p>Dear Guests,<\/p>\n<p>Our voucher can be a special surprise, offering a journey into the world of N\u00e1ncsi N\u00e9ni&#8217;s delicious dishes. Give a N\u00e1ncsi N\u00e9ni&#8217;s gift card as a surprise that can be requested at any amount you wish.<\/p>\n<p>Surprise your loved ones, family, or friends and treat them to a lunch or dinner at our restaurant. You can order the gift card in person at the restaurant, via email at <a href=\"mailto:info@nancsineni.hu\">info@nancsineni.hu<\/a> , or <span> by filling out the form below online.<\/span><\/p>\n<p>[\/et_pb_text][\/et_pb_column][et_pb_column type=&#8221;2_5&#8243; _builder_version=&#8221;4.16&#8243; _module_preset=&#8221;default&#8221; global_colors_info=&#8221;{}&#8221;][et_pb_image src=&#8221;https:\/\/nancsineni.hu\/wp-content\/uploads\/2024\/02\/Nancsi_voucher_2024_simaNancsi_fb_poszt_2024_valentin.jpg&#8221; title_text=&#8221;N\u00e1ncsi_voucher_2024_simaNancsi_fb_poszt_2024_valentin&#8221; _builder_version=&#8221;4.27.5&#8243; _module_preset=&#8221;default&#8221; hover_enabled=&#8221;0&#8243; border_radii=&#8221;on|20px|20px|20px|20px&#8221; global_colors_info=&#8221;{}&#8221; sticky_enabled=&#8221;0&#8243;][\/et_pb_image][\/et_pb_column][\/et_pb_row][et_pb_row _builder_version=&#8221;4.16&#8243; _module_preset=&#8221;default&#8221; max_width=&#8221;750px&#8221; global_colors_info=&#8221;{}&#8221;][et_pb_column type=&#8221;4_4&#8243; _builder_version=&#8221;4.16&#8243; _module_preset=&#8221;default&#8221; global_colors_info=&#8221;{}&#8221;][et_pb_text _builder_version=&#8221;4.16&#8243; _module_preset=&#8221;default&#8221; header_2_text_align=&#8221;center&#8221; global_colors_info=&#8221;{}&#8221;]<\/p>\n<h2>Order<\/h2>\n<p>[\/et_pb_text][et_pb_code _builder_version=&#8221;4.16&#8243; _module_preset=&#8221;default&#8221; global_colors_info=&#8221;{}&#8221;]<div class='fluentform ff-default fluentform_wrapper_5 ffs_default_wrap'><form data-form_id=\"5\" id=\"fluentform_5\" class=\"frm-fluent-form fluent_form_5 ff-el-form-top ff_form_instance_5_1 ff-form-loading ff_has_v3_recptcha ffs_default\" data-form_instance=\"ff_form_instance_5_1\" method=\"POST\" data-recptcha_key=\"6LcJl9IpAAAAAO20JhHFFqsg8eFKTMAH90yxlxwf\" ><fieldset  style=\"border: none!important;margin: 0!important;padding: 0!important;background-color: transparent!important;box-shadow: none!important;outline: none!important; min-inline-size: 100%;\">\n                    <legend class=\"ff_screen_reader_title\" style=\"display: block; margin: 0!important;padding: 0!important;height: 0!important;text-indent: -999999px;width: 0!important;overflow:hidden;\">Aj\u00e1nd\u00e9kutalv\u00e1ny ENG<\/legend><p style=\"display: none !important;\" class=\"akismet-fields-container\" data-prefix=\"ak_\"><label>&#916;<textarea name=\"ak_hp_textarea\" cols=\"45\" rows=\"8\" maxlength=\"100\"><\/textarea><\/label><input type=\"hidden\" id=\"ak_js_1\" name=\"ak_js\" value=\"157\"\/><script type=\"text\/javascript\">\n\/* <![CDATA[ *\/\ndocument.getElementById( \"ak_js_1\" ).setAttribute( \"value\", ( new Date() ).getTime() );\n\/* ]]> *\/\n<\/script>\n<\/p><input type='hidden' name='__fluent_form_embded_post_id' value='2132' \/><input type=\"hidden\" id=\"_fluentform_5_fluentformnonce\" name=\"_fluentform_5_fluentformnonce\" value=\"fa09a5f785\" \/><input type=\"hidden\" name=\"_wp_http_referer\" value=\"\/en\/wp-json\/wp\/v2\/pages\/2132\" \/><div data-name=\"ff_cn_id_1\"  class='ff-t-container ff-column-container ff_columns_total_2 '><div class='ff-t-cell ff-t-column-1' style='flex-basis: 50%;'><div class='ff-el-group'><div class=\"ff-el-input--label ff-el-is-required asterisk-right\"><label for='ff_5_vezeteknev' id='label_ff_5_vezeteknev' aria-label=\"First Name\">First Name<\/label><\/div><div class='ff-el-input--content'><input type=\"text\" name=\"vezeteknev\" class=\"ff-el-form-control\" data-name=\"vezeteknev\" id=\"ff_5_vezeteknev\"  aria-invalid=\"false\" aria-required=true><\/div><\/div><\/div><div class='ff-t-cell ff-t-column-2' style='flex-basis: 50%;'><div class='ff-el-group'><div class=\"ff-el-input--label ff-el-is-required asterisk-right\"><label for='ff_5_Keresztn_v' id='label_ff_5_Keresztn_v' aria-label=\"Last Name\">Last Name<\/label><\/div><div class='ff-el-input--content'><input type=\"text\" name=\"Keresztn_v\" class=\"ff-el-form-control\" data-name=\"Keresztn_v\" id=\"ff_5_Keresztn_v\"  aria-invalid=\"false\" aria-required=true><\/div><\/div><\/div><\/div><div class='ff-el-group'><div class=\"ff-el-input--label ff-el-is-required asterisk-right\"><label for='ff_5_email' id='label_ff_5_email' aria-label=\"Email\">Email<\/label><\/div><div class='ff-el-input--content'><input type=\"email\" name=\"email\" id=\"ff_5_email\" class=\"ff-el-form-control\" data-name=\"email\"  aria-invalid=\"false\" aria-required=true><\/div><\/div><div class='ff-el-group'><div class=\"ff-el-input--label ff-el-is-required asterisk-right\"><label for='ff_5_telefonszam' id='label_ff_5_telefonszam' aria-label=\"Phone\">Phone<\/label><\/div><div class='ff-el-input--content'><input type=\"text\" name=\"telefonszam\" class=\"ff-el-form-control\" data-name=\"telefonszam\" id=\"ff_5_telefonszam\"  aria-invalid=\"false\" aria-required=true><\/div><\/div><div class='ff-el-group'><div class=\"ff-el-input--label ff-el-is-required asterisk-right\"><label for='ff_5_osszeg' id='label_ff_5_osszeg' aria-label=\"Amount (Ft)\">Amount (Ft)<\/label><\/div><div class='ff-el-input--content'><input type=\"number\" name=\"osszeg\" id=\"ff_5_osszeg\" class=\"ff-el-form-control\" data-name=\"osszeg\" inputmode=\"numeric\" step=\"any\"  aria-invalid=\"false\" aria-required=true><\/div><\/div><div class='ff-el-group'><div class=\"ff-el-input--label ff-el-is-required asterisk-right\"><label for='ff_5_billing_name_or_company' id='label_ff_5_billing_name_or_company' >Billing name or company name<\/label><\/div><div class='ff-el-input--content'><input type=\"text\" name=\"billing_name_or_company\" class=\"ff-el-form-control\" data-name=\"billing_name_or_company\" id=\"ff_5_billing_name_or_company\"  aria-invalid=\"false\" aria-required=true><\/div><\/div><div class='ff-el-group'><div class=\"ff-el-input--label ff-el-is-required asterisk-right\"><label for='ff_5_billing_address' id='label_ff_5_billing_address' aria-label=\"Billing address\">Billing address<\/label><\/div><div class='ff-el-input--content'><input type=\"text\" name=\"billing_address\" class=\"ff-el-form-control\" data-name=\"billing_address\" id=\"ff_5_billing_address\"  aria-invalid=\"false\" aria-required=true><\/div><\/div><div class='ff-el-group'><div class=\"ff-el-input--label asterisk-right\"><label for='ff_5_billing_tax_number' id='label_ff_5_billing_tax_number' aria-label=\"Tax number (company only)\">Tax number (company only)<\/label><\/div><div class='ff-el-input--content'><input type=\"text\" name=\"billing_tax_number\" class=\"ff-el-form-control\" data-name=\"billing_tax_number\" id=\"ff_5_billing_tax_number\"  aria-invalid=\"false\" aria-required=false><\/div><\/div><div class='ff-el-group'><div class=\"ff-el-input--label ff-el-is-required asterisk-right\"><label for='ff_5_input_text_1' id='label_ff_5_input_text_1' aria-label=\"Name on the voucher\">Name on the voucher<\/label><\/div><div class='ff-el-input--content'><input type=\"text\" name=\"input_text_1\" class=\"ff-el-form-control\" data-name=\"input_text_1\" id=\"ff_5_input_text_1\"  aria-invalid=\"false\" aria-required=true><\/div><\/div><div class='ff-el-group ff-text-center ff_submit_btn_wrapper'><button type=\"submit\" class=\"ff-btn ff-btn-submit ff-btn-md ff_btn_style\"  aria-label=\"Order\">Order<\/button><\/div><\/fieldset><\/form><div id='fluentform_5_errors' class='ff-errors-in-stack ff_form_instance_5_1 ff-form-loading_errors ff_form_instance_5_1_errors'><\/div><\/div>            <script type=\"text\/javascript\">\n                window.fluent_form_ff_form_instance_5_1 = {\"id\":\"5\",\"ajaxUrl\":\"https:\\\/\\\/nancsineni.hu\\\/wp-admin\\\/admin-ajax.php\",\"settings\":{\"layout\":{\"labelPlacement\":\"top\",\"helpMessagePlacement\":\"with_label\",\"errorMessagePlacement\":\"inline\",\"asteriskPlacement\":\"asterisk-right\"},\"restrictions\":{\"denyEmptySubmission\":{\"enabled\":false}}},\"form_instance\":\"ff_form_instance_5_1\",\"form_id_selector\":\"fluentform_5\",\"rules\":{\"vezeteknev\":{\"required\":{\"value\":true,\"message\":\"Required\",\"global\":false,\"global_message\":\"This field is required\"}},\"Keresztn_v\":{\"required\":{\"value\":true,\"message\":\"Required\",\"global\":false,\"global_message\":\"This field is required\"}},\"email\":{\"required\":{\"value\":true,\"message\":\"Required\",\"global\":false,\"global_message\":\"This field is required\"},\"email\":{\"value\":true,\"message\":\"This field must contain a valid email\",\"global\":false,\"global_message\":\"This field must contain a valid email\"}},\"telefonszam\":{\"required\":{\"value\":true,\"message\":\"Required\",\"global\":false,\"global_message\":\"This field is required\"}},\"osszeg\":{\"required\":{\"value\":true,\"message\":\"Required\",\"global\":false,\"global_message\":\"This field is required\"},\"numeric\":{\"value\":true,\"message\":\"This field must contain numeric value\",\"global\":false,\"global_message\":\"This field must contain numeric value\"},\"min\":{\"value\":\"\",\"message\":\"Minimum value is \",\"global\":false,\"global_message\":\"Validation fails for minimum value\"},\"max\":{\"value\":\"\",\"message\":\"Maximum value is \",\"global\":false,\"global_message\":\"Validation fails for maximum value\"}},\"billing_name_or_company\":{\"required\":{\"value\":true,\"message\":\"Required\",\"global\":false,\"global_message\":\"This field is required\"}},\"billing_address\":{\"required\":{\"value\":true,\"message\":\"Required\",\"global\":false,\"global_message\":\"This field is required\"}},\"billing_tax_number\":{\"required\":{\"value\":false,\"message\":\"Required\",\"global\":false,\"global_message\":\"This field is required\"}},\"input_text_1\":{\"required\":{\"value\":true,\"message\":\"Required\",\"global\":false,\"global_message\":\"This field is required\"}},\"g-recaptcha-response\":[]},\"debounce_time\":300};\n                            <\/script>\n            [\/et_pb_code][\/et_pb_column][\/et_pb_row][\/et_pb_section]<\/p>\n","protected":false},"excerpt":{"rendered":"<p>VoucherDear Guests, Our voucher can be a special surprise, offering a journey into the world of N\u00e1ncsi N\u00e9ni&#8217;s delicious dishes. Give a N\u00e1ncsi N\u00e9ni&#8217;s gift card as a surprise that can be requested at any amount you wish. Surprise your loved ones, family, or friends and treat them to a lunch or dinner at our [&hellip;]<\/p>\n","protected":false},"author":4,"featured_media":0,"parent":0,"menu_order":0,"comment_status":"closed","ping_status":"closed","template":"","meta":{"_et_pb_use_builder":"on","_et_pb_old_content":"","_et_gb_content_width":"","footnotes":""},"class_list":["post-2132","page","type-page","status-publish","hentry"],"yoast_head":"<!-- This site is optimized with the Yoast SEO plugin v27.5 - https:\/\/yoast.com\/product\/yoast-seo-wordpress\/ -->\n<title>Voucher - N\u00e1ncsi N\u00e9ni<\/title>\n<meta name=\"robots\" content=\"noindex, follow\" \/>\n<meta property=\"og:locale\" content=\"en_US\" \/>\n<meta property=\"og:type\" content=\"article\" \/>\n<meta property=\"og:title\" content=\"Voucher - N\u00e1ncsi N\u00e9ni\" \/>\n<meta property=\"og:description\" content=\"VoucherDear Guests, Our voucher can be a special surprise, offering a journey into the world of N\u00e1ncsi N\u00e9ni&#039;s delicious dishes. Give a N\u00e1ncsi N\u00e9ni&#039;s gift card as a surprise that can be requested at any amount you wish. Surprise your loved ones, family, or friends and treat them to a lunch or dinner at our [&hellip;]\" \/>\n<meta property=\"og:url\" content=\"https:\/\/nancsineni.hu\/ajandekutalvany\/\" \/>\n<meta property=\"og:site_name\" content=\"N\u00e1ncsi N\u00e9ni\" \/>\n<meta property=\"article:modified_time\" content=\"2026-01-09T11:51:14+00:00\" \/>\n<meta name=\"twitter:card\" content=\"summary_large_image\" \/>\n<meta name=\"twitter:label1\" content=\"Est. reading time\" \/>\n\t<meta name=\"twitter:data1\" content=\"1 minute\" \/>\n<script type=\"application\/ld+json\" class=\"yoast-schema-graph\">{\"@context\":\"https:\\\/\\\/schema.org\",\"@graph\":[{\"@type\":\"WebPage\",\"@id\":\"https:\\\/\\\/nancsineni.hu\\\/ajandekutalvany\\\/\",\"url\":\"https:\\\/\\\/nancsineni.hu\\\/ajandekutalvany\\\/\",\"name\":\"Voucher - N\u00e1ncsi N\u00e9ni\",\"isPartOf\":{\"@id\":\"https:\\\/\\\/nancsineni.hu\\\/#website\"},\"datePublished\":\"2021-12-08T10:07:35+00:00\",\"dateModified\":\"2026-01-09T11:51:14+00:00\",\"inLanguage\":\"en-US\",\"potentialAction\":[{\"@type\":\"ReadAction\",\"target\":[\"https:\\\/\\\/nancsineni.hu\\\/ajandekutalvany\\\/\"]}]},{\"@type\":\"WebSite\",\"@id\":\"https:\\\/\\\/nancsineni.hu\\\/#website\",\"url\":\"https:\\\/\\\/nancsineni.hu\\\/\",\"name\":\"N\u00e1ncsi N\u00e9ni\",\"description\":\"Budapest\",\"publisher\":{\"@id\":\"https:\\\/\\\/nancsineni.hu\\\/#organization\"},\"potentialAction\":[{\"@type\":\"SearchAction\",\"target\":{\"@type\":\"EntryPoint\",\"urlTemplate\":\"https:\\\/\\\/nancsineni.hu\\\/?s={search_term_string}\"},\"query-input\":{\"@type\":\"PropertyValueSpecification\",\"valueRequired\":true,\"valueName\":\"search_term_string\"}}],\"inLanguage\":\"en-US\"},{\"@type\":\"Organization\",\"@id\":\"https:\\\/\\\/nancsineni.hu\\\/#organization\",\"name\":\"N\u00e1ncsi N\u00e9ni Vend\u00e9gl\u0151je\",\"url\":\"https:\\\/\\\/nancsineni.hu\\\/\",\"logo\":{\"@type\":\"ImageObject\",\"inLanguage\":\"en-US\",\"@id\":\"https:\\\/\\\/nancsineni.hu\\\/#\\\/schema\\\/logo\\\/image\\\/\",\"url\":\"https:\\\/\\\/nancsineni.hu\\\/wp-content\\\/uploads\\\/2020\\\/10\\\/nancsi-neni-vendegloje-logo.png\",\"contentUrl\":\"https:\\\/\\\/nancsineni.hu\\\/wp-content\\\/uploads\\\/2020\\\/10\\\/nancsi-neni-vendegloje-logo.png\",\"width\":633,\"height\":195,\"caption\":\"N\u00e1ncsi N\u00e9ni Vend\u00e9gl\u0151je\"},\"image\":{\"@id\":\"https:\\\/\\\/nancsineni.hu\\\/#\\\/schema\\\/logo\\\/image\\\/\"}}]}<\/script>\n<!-- \/ Yoast SEO plugin. -->","yoast_head_json":{"title":"Voucher - N\u00e1ncsi N\u00e9ni","robots":{"index":"noindex","follow":"follow"},"og_locale":"en_US","og_type":"article","og_title":"Voucher - N\u00e1ncsi N\u00e9ni","og_description":"VoucherDear Guests, Our voucher can be a special surprise, offering a journey into the world of N\u00e1ncsi N\u00e9ni's delicious dishes. Give a N\u00e1ncsi N\u00e9ni's gift card as a surprise that can be requested at any amount you wish. Surprise your loved ones, family, or friends and treat them to a lunch or dinner at our [&hellip;]","og_url":"https:\/\/nancsineni.hu\/ajandekutalvany\/","og_site_name":"N\u00e1ncsi N\u00e9ni","article_modified_time":"2026-01-09T11:51:14+00:00","twitter_card":"summary_large_image","twitter_misc":{"Est. reading time":"1 minute"},"schema":{"@context":"https:\/\/schema.org","@graph":[{"@type":"WebPage","@id":"https:\/\/nancsineni.hu\/ajandekutalvany\/","url":"https:\/\/nancsineni.hu\/ajandekutalvany\/","name":"Voucher - N\u00e1ncsi N\u00e9ni","isPartOf":{"@id":"https:\/\/nancsineni.hu\/#website"},"datePublished":"2021-12-08T10:07:35+00:00","dateModified":"2026-01-09T11:51:14+00:00","inLanguage":"en-US","potentialAction":[{"@type":"ReadAction","target":["https:\/\/nancsineni.hu\/ajandekutalvany\/"]}]},{"@type":"WebSite","@id":"https:\/\/nancsineni.hu\/#website","url":"https:\/\/nancsineni.hu\/","name":"N\u00e1ncsi N\u00e9ni","description":"Budapest","publisher":{"@id":"https:\/\/nancsineni.hu\/#organization"},"potentialAction":[{"@type":"SearchAction","target":{"@type":"EntryPoint","urlTemplate":"https:\/\/nancsineni.hu\/?s={search_term_string}"},"query-input":{"@type":"PropertyValueSpecification","valueRequired":true,"valueName":"search_term_string"}}],"inLanguage":"en-US"},{"@type":"Organization","@id":"https:\/\/nancsineni.hu\/#organization","name":"N\u00e1ncsi N\u00e9ni Vend\u00e9gl\u0151je","url":"https:\/\/nancsineni.hu\/","logo":{"@type":"ImageObject","inLanguage":"en-US","@id":"https:\/\/nancsineni.hu\/#\/schema\/logo\/image\/","url":"https:\/\/nancsineni.hu\/wp-content\/uploads\/2020\/10\/nancsi-neni-vendegloje-logo.png","contentUrl":"https:\/\/nancsineni.hu\/wp-content\/uploads\/2020\/10\/nancsi-neni-vendegloje-logo.png","width":633,"height":195,"caption":"N\u00e1ncsi N\u00e9ni Vend\u00e9gl\u0151je"},"image":{"@id":"https:\/\/nancsineni.hu\/#\/schema\/logo\/image\/"}}]}},"_links":{"self":[{"href":"https:\/\/nancsineni.hu\/en\/wp-json\/wp\/v2\/pages\/2132","targetHints":{"allow":["GET"]}}],"collection":[{"href":"https:\/\/nancsineni.hu\/en\/wp-json\/wp\/v2\/pages"}],"about":[{"href":"https:\/\/nancsineni.hu\/en\/wp-json\/wp\/v2\/types\/page"}],"author":[{"embeddable":true,"href":"https:\/\/nancsineni.hu\/en\/wp-json\/wp\/v2\/users\/4"}],"replies":[{"embeddable":true,"href":"https:\/\/nancsineni.hu\/en\/wp-json\/wp\/v2\/comments?post=2132"}],"version-history":[{"count":32,"href":"https:\/\/nancsineni.hu\/en\/wp-json\/wp\/v2\/pages\/2132\/revisions"}],"predecessor-version":[{"id":6185,"href":"https:\/\/nancsineni.hu\/en\/wp-json\/wp\/v2\/pages\/2132\/revisions\/6185"}],"wp:attachment":[{"href":"https:\/\/nancsineni.hu\/en\/wp-json\/wp\/v2\/media?parent=2132"}],"curies":[{"name":"wp","href":"https:\/\/api.w.org\/{rel}","templated":true}]}}