{"id":2495,"date":"2022-03-31T10:08:29","date_gmt":"2022-03-31T10:08:29","guid":{"rendered":"https:\/\/nancsineni.hu\/husveti-ajanlatunk-elvitelre\/"},"modified":"2026-03-15T19:17:45","modified_gmt":"2026-03-15T19:17:45","slug":"easter-offer-for-take-away","status":"publish","type":"page","link":"https:\/\/nancsineni.hu\/en\/easter-offer-for-take-away\/","title":{"rendered":"Easter offer for take-away"},"content":{"rendered":"<p>[et_pb_section fb_built=&#8221;1&#8243; module_id=&#8221;weekend-offer&#8221; _builder_version=&#8221;4.16&#8243; _module_preset=&#8221;default&#8221; global_colors_info=&#8221;{}&#8221;][et_pb_row custom_padding_last_edited=&#8221;on|desktop&#8221; module_class=&#8221;stickey-menu-header&#8221; _builder_version=&#8221;4.16&#8243; _module_preset=&#8221;default&#8221; width=&#8221;100%&#8221; max_width=&#8221;100%&#8221; custom_padding=&#8221;||0px||false|false&#8221; custom_padding_tablet=&#8221;|0px|0px|0px|false|true&#8221; custom_padding_phone=&#8221;&#8221; global_colors_info=&#8221;{}&#8221;][et_pb_column type=&#8221;4_4&#8243; _builder_version=&#8221;4.16&#8243; _module_preset=&#8221;default&#8221; global_colors_info=&#8221;{}&#8221;][et_pb_divider divider_weight=&#8221;3px&#8221; _builder_version=&#8221;4.16&#8243; _module_preset=&#8221;default&#8221; width=&#8221;100%&#8221; max_width=&#8221;100%&#8221; module_alignment=&#8221;center&#8221; custom_margin=&#8221;||-5px||false|false&#8221; custom_padding=&#8221;||||false|false&#8221; global_colors_info=&#8221;{}&#8221;][\/et_pb_divider][et_pb_text _builder_version=&#8221;4.16&#8243; _module_preset=&#8221;default&#8221; header_font=&#8221;|600|||||||&#8221; header_text_align=&#8221;center&#8221; header_text_color=&#8221;#484848&#8243; custom_padding=&#8221;10px||||false|false&#8221; global_colors_info=&#8221;{}&#8221;]<\/p>\n<h1 style=\"text-align: center;\">Easter\u2019s offer for take-away<\/h1>\n<p>[\/et_pb_text][et_pb_divider divider_weight=&#8221;3px&#8221; _builder_version=&#8221;4.16&#8243; _module_preset=&#8221;default&#8221; width=&#8221;100%&#8221; max_width=&#8221;100%&#8221; module_alignment=&#8221;center&#8221; custom_margin=&#8221;-20px||||false|false&#8221; global_colors_info=&#8221;{}&#8221;][\/et_pb_divider][\/et_pb_column][\/et_pb_row][et_pb_row _builder_version=&#8221;4.16&#8243; _module_preset=&#8221;default&#8221; global_colors_info=&#8221;{}&#8221;][et_pb_column type=&#8221;4_4&#8243; _builder_version=&#8221;4.16&#8243; _module_preset=&#8221;default&#8221; global_colors_info=&#8221;{}&#8221;][et_pb_text _builder_version=&#8221;4.27.5&#8243; _module_preset=&#8221;default&#8221; text_text_color=&#8221;#C39D63&#8243; header_text_align=&#8221;center&#8221; text_orientation=&#8221;center&#8221; hover_enabled=&#8221;0&#8243; global_colors_info=&#8221;{}&#8221; sticky_enabled=&#8221;0&#8243;]<\/p>\n<p><span style=\"text-decoration: underline;\"><strong>Easter delicacies for take-away<\/strong><\/span><\/p>\n<p>From the <strong>3rdof April until the 6th of April, 2026<\/strong>\u00a0from 12 pm until 8 pm.<\/p>\n<p>Please place your order until the 1st of April, 2026 till 8 pm.<\/p>\n<p>We are waiting for your orders by phone <strong>+36 30 162 31 20<\/strong><br \/>or via e-mail at <strong><a href=\"mailto:nancsinenifoglalas@gmail.com\">nancsinenifoglalas@gmail.com<\/a><\/strong><br \/>or fill out the<strong> order form online.<\/strong><br \/>Please provide your <span style=\"text-decoration: underline;\"><strong>phone number<\/strong> <\/span>when placing order.<\/p>\n<p>We wish you Happy Easter holidays!<\/p>\n<p>Restaurant N\u00e1ncsi N\u00e9ni<strong><\/strong><\/p>\n<p>[\/et_pb_text][et_pb_button button_url=&#8221;#order&#8221; button_text=&#8221;Order&#8221; button_alignment=&#8221;center&#8221; disabled_on=&#8221;off|off|off&#8221; _builder_version=&#8221;4.17.4&#8243; _module_preset=&#8221;default&#8221; locked=&#8221;off&#8221; global_colors_info=&#8221;{}&#8221;][\/et_pb_button][\/et_pb_column][\/et_pb_row][et_pb_row _builder_version=&#8221;4.16&#8243; _module_preset=&#8221;default&#8221; custom_padding=&#8221;||||false|false&#8221; global_colors_info=&#8221;{}&#8221;][et_pb_column type=&#8221;4_4&#8243; _builder_version=&#8221;4.16&#8243; _module_preset=&#8221;default&#8221; global_colors_info=&#8221;{}&#8221;][et_pb_text _builder_version=&#8221;4.27.5&#8243; _module_preset=&#8221;default&#8221; text_orientation=&#8221;center&#8221; hover_enabled=&#8221;0&#8243; global_colors_info=&#8221;{}&#8221; sticky_enabled=&#8221;0&#8243;]<\/p>\n<p><span style=\"text-decoration: underline;\"><em><span style=\"color: #c39d63;\"><strong>STARTERS:<\/strong><\/span><\/em><\/span><\/p>\n<p><strong>EASTER EGG SPREAD<\/strong><br \/>With salted butter, mustard, pieces of duck liver and chives. We offer a slice of Easter milk loaf.<br \/><span><span style=\"color: #c39d63;\"><strong>2 880.-<br \/><\/strong><\/span><\/span>(take-away in 2 box)<\/p>\n<p><strong>EASTER HAM<\/strong><br \/>Home-made smoked ham, with hardboiled eggs, horseradish, spring onions, crispy red radish, pepper, tomato, and Easter milk loaf.<br \/><span><span style=\"color: #c39d63;\"><strong>5 250.-<br \/><\/strong><\/span><\/span>(take-away in 4 boxes)<\/p>\n<p><span style=\"text-decoration: underline;\"><em><span style=\"color: #c39d63;\"><strong>SOUPS:<\/strong><\/span><\/em><\/span><\/p>\n<p><strong>TARRAGON FLAVOURED SOUP WITH LAMB<\/strong><br \/>Piquant, tarragon flavoured soup with soft and tender lamb pieces and lots of vegetables.<br \/>(served cold)<br \/><span style=\"color: #c39d63;\"><strong>3 580.- <\/strong><span style=\"color: #000000;\">\/ 4 dl<\/span><br \/><\/span>(take-away in 1 box)<\/p>\n<p><span style=\"text-decoration: underline;\"><em><span style=\"color: #c39d63;\"><strong>MAIN COURSES:<\/strong><\/span><\/em><\/span><\/p>\n<p><strong>ROSEMARY SEASONED, IN GARLIC MILK MARINATED LAMB FRIED IN BREADCRUMBS<\/strong><br \/>Served with fresh mixed salad flavoured with a yoghurt dressing<br \/>and rosemary seasoned baked potato.<br \/>(ready-to-eat or breaded)<br \/><span style=\"color: #c39d63;\"><strong>7 850.-<br \/><\/strong><\/span><span style=\"color: #c39d63;\"><span style=\"color: #000000;\">(take-away in 3 boxes)<\/span><\/span><\/p>\n<p><strong>EASTER SPICY ROAST OF LAMB TROTTERS<br \/><\/strong>The piece of lamb was marinated in spicy oil during a few days then braised for a long time to be soft and tender.<br \/>Finally baked in the oven with honey and beer until auburn, that\u2019s why its outside and the scent became very attractive.<br \/>We offer saffron flavoured mashed potato, garlic confit and spicy sauce to it.<br \/>(ready-to-eat or pre-braised)<br \/><span style=\"color: #c39d63;\"><strong>8 250.-<br \/><\/strong><span style=\"color: #000000;\">(take-away in 3 boxes)<\/span><\/span><\/p>\n<p><strong>CRISPY DUCK LEG<\/strong> (GF)<br \/>As a company we offer steamed red cabbage, in red wine stewed prunes,<br \/>cinnamon and vanilla flavoured stewed apple and mashed potato to it.<br \/>(ready-to-eat of pre-braised)<br \/><span style=\"color: #c39d63;\"><strong>7 780.-<br \/><\/strong><span style=\"color: #000000;\">(take-away in 3 boxes)<\/span><\/span><\/p>\n<p><strong>OVEN BAKED CRISPY YOUNG DUCK<\/strong> (GF, LF)<br \/>Served with steamed red cabbage, in red wine stewed prune, stewed apple with saffron<br \/>and saut\u00e9ed mashed potatoes with onion.<br \/>(ready-to-eat or pre-braised)<br \/><span><span style=\"color: #c39d63;\"><strong>16 590.-<\/strong><\/span>\/<\/span> in whole for 2 persons<br \/>(take-away in 6 boxes)<\/p>\n<p><span style=\"text-decoration: underline;\"><em><span style=\"color: #c39d63;\"><strong>DESSERTS<\/strong><\/span><\/em><\/span><\/p>\n<p><strong>APPLE PIE<br \/><\/strong>With cinnamon sauce.<strong><br \/><\/strong><span><span style=\"color: #c39d63;\"><strong>2 680.-<\/strong><\/span><br \/><\/span>(take-away in 2 box)<\/p>\n<p><em>The prices do not include food packaging.<\/em><br \/><em>Take-away price: 100.- per box<\/em><\/p>\n<p>[\/et_pb_text][\/et_pb_column][\/et_pb_row][et_pb_row disabled_on=&#8221;off|off|off&#8221; module_id=&#8221;order&#8221; _builder_version=&#8221;4.17.4&#8243; _module_preset=&#8221;default&#8221; locked=&#8221;off&#8221; global_colors_info=&#8221;{}&#8221;][et_pb_column type=&#8221;4_4&#8243; _builder_version=&#8221;4.16&#8243; _module_preset=&#8221;default&#8221; global_colors_info=&#8221;{}&#8221;][et_pb_divider divider_weight=&#8221;2px&#8221; _builder_version=&#8221;4.16&#8243; _module_preset=&#8221;default&#8221; width=&#8221;900px&#8221; max_width=&#8221;100%&#8221; module_alignment=&#8221;center&#8221; custom_margin=&#8221;||-5px||false|false&#8221; global_colors_info=&#8221;{}&#8221;][\/et_pb_divider][et_pb_text _builder_version=&#8221;4.17.4&#8243; _module_preset=&#8221;default&#8221; header_2_font=&#8221;|600|||||||&#8221; global_colors_info=&#8221;{}&#8221;]<\/p>\n<h2 style=\"text-align: center;\">Order<\/h2>\n<p>[\/et_pb_text][et_pb_divider divider_weight=&#8221;2px&#8221; _builder_version=&#8221;4.16&#8243; _module_preset=&#8221;default&#8221; width=&#8221;900px&#8221; max_width=&#8221;100%&#8221; module_alignment=&#8221;center&#8221; custom_margin=&#8221;-20px||5px||false|false&#8221; global_colors_info=&#8221;{}&#8221;][\/et_pb_divider][et_pb_code _builder_version=&#8221;4.17.4&#8243; _module_preset=&#8221;default&#8221; max_width=&#8221;800px&#8221; module_alignment=&#8221;center&#8221; global_colors_info=&#8221;{}&#8221;]<div class='fluentform ff-default fluentform_wrapper_11 ffs_default_wrap'><form data-form_id=\"11\" id=\"fluentform_11\" class=\"frm-fluent-form fluent_form_11 ff-el-form-top ff_form_instance_11_1 ff-form-loading ff_has_v3_recptcha ffs_default\" data-form_instance=\"ff_form_instance_11_1\" method=\"POST\" data-recptcha_key=\"6LcJl9IpAAAAAO20JhHFFqsg8eFKTMAH90yxlxwf\" ><fieldset  style=\"border: none!important;margin: 0!important;padding: 0!important;background-color: transparent!important;box-shadow: none!important;outline: none!important; min-inline-size: 100%;\">\n                    <legend class=\"ff_screen_reader_title\" style=\"display: block; margin: 0!important;padding: 0!important;height: 0!important;text-indent: -999999px;width: 0!important;overflow:hidden;\">Rendel\u00e9s elvitelre ENG - H\u00fasv\u00e9t<\/legend><p style=\"display: none !important;\" class=\"akismet-fields-container\" data-prefix=\"ak_\"><label>&#916;<textarea name=\"ak_hp_textarea\" cols=\"45\" rows=\"8\" maxlength=\"100\"><\/textarea><\/label><input type=\"hidden\" id=\"ak_js_1\" name=\"ak_js\" value=\"171\"\/><script type=\"text\/javascript\">\n\/* <![CDATA[ *\/\ndocument.getElementById( \"ak_js_1\" ).setAttribute( \"value\", ( new Date() ).getTime() );\n\/* ]]> *\/\n<\/script>\n<\/p><input type='hidden' name='__fluent_form_embded_post_id' value='2495' \/><input type=\"hidden\" id=\"_fluentform_11_fluentformnonce\" name=\"_fluentform_11_fluentformnonce\" value=\"560ef6e61c\" \/><input type=\"hidden\" name=\"_wp_http_referer\" value=\"\/en\/wp-json\/wp\/v2\/pages\/2495\" \/><div data-name=\"ff_cn_id_1\"  class='ff-t-container ff-column-container ff_columns_total_2 '><div class='ff-t-cell ff-t-column-1' style='flex-basis: 50%;'><div class='ff-el-group ff-el-form-hide_label'><div class=\"ff-el-input--label ff-el-is-required asterisk-right\"><label for='ff_11_vezeteknev' id='label_ff_11_vezeteknev' aria-label=\"Keresztn\u00e9v\">Keresztn\u00e9v<\/label><\/div><div class='ff-el-input--content'><input type=\"text\" name=\"vezeteknev\" class=\"ff-el-form-control\" placeholder=\"First Name\" data-name=\"vezeteknev\" id=\"ff_11_vezeteknev\"  aria-invalid=\"false\" aria-required=true><\/div><\/div><\/div><div class='ff-t-cell ff-t-column-2' style='flex-basis: 50%;'><div class='ff-el-group ff-el-form-hide_label'><div class=\"ff-el-input--label ff-el-is-required asterisk-right\"><label for='ff_11_keresztnev' id='label_ff_11_keresztnev' aria-label=\"Vezet\u00e9kn\u00e9v\">Vezet\u00e9kn\u00e9v<\/label><\/div><div class='ff-el-input--content'><input type=\"text\" name=\"keresztnev\" class=\"ff-el-form-control\" placeholder=\"Last Name\" data-name=\"keresztnev\" id=\"ff_11_keresztnev\"  aria-invalid=\"false\" aria-required=true><\/div><\/div><\/div><\/div><div data-name=\"ff_cn_id_2\"  class='ff-t-container ff-column-container ff_columns_total_2 '><div class='ff-t-cell ff-t-column-1' style='flex-basis: 50%;'><div class='ff-el-group ff-el-form-hide_label'><div class=\"ff-el-input--label ff-el-is-required asterisk-right\"><label for='ff_11_email' id='label_ff_11_email' aria-label=\"Email\">Email<\/label><\/div><div class='ff-el-input--content'><input type=\"email\" name=\"email\" id=\"ff_11_email\" class=\"ff-el-form-control\" placeholder=\"Email\" data-name=\"email\"  aria-invalid=\"false\" aria-required=true><\/div><\/div><\/div><div class='ff-t-cell ff-t-column-2' style='flex-basis: 50%;'><div class='ff-el-group ff-el-form-hide_label'><div class=\"ff-el-input--label ff-el-is-required asterisk-right\"><label for='ff_11_telefonszam' id='label_ff_11_telefonszam' aria-label=\"Telefonsz\u00e1m\">Telefonsz\u00e1m<\/label><\/div><div class='ff-el-input--content'><input type=\"text\" name=\"telefonszam\" class=\"ff-el-form-control\" placeholder=\"Phone\" data-name=\"telefonszam\" id=\"ff_11_telefonszam\"  aria-invalid=\"false\" aria-required=true><\/div><\/div><\/div><\/div><div data-name=\"ff_cn_id_3\"  class='ff-t-container ff-column-container ff_columns_total_2 '><div class='ff-t-cell ff-t-column-1' style='flex-basis: 50%;'><div class='ff-el-group ff-el-form-hide_label'><div class=\"ff-el-input--label ff-el-is-required asterisk-right\"><label for='ff_11_dropdown' id='label_ff_11_dropdown' aria-label=\"D\u00e1tum\">D\u00e1tum<\/label><\/div><div class='ff-el-input--content'><select name=\"dropdown\" id=\"ff_11_dropdown\" class=\"ff-el-form-control\" data-name=\"dropdown\" data-calc_value=\"0\"  aria-invalid=\"false\" aria-required=\"true\" aria-labelledby=\"label_ff_11_dropdown\"><option value=\"\">- Date -<\/option><option value=\"2025.04.03.\"  >2025.04.03.<\/option><option value=\"2025.04.04.\"  >2025.04.04.<\/option><option value=\"2025.04.05.\"  >2025.04.05.<\/option><option value=\"2025.04.06.\"  >2025.04.06.<\/option><\/select><\/div><\/div><\/div><div class='ff-t-cell ff-t-column-2' style='flex-basis: 50%;'><div class='ff-el-group ff-el-form-hide_label'><div class=\"ff-el-input--label ff-el-is-required asterisk-right\"><label for='ff_11_idopont' id='label_ff_11_idopont' aria-label=\"Id\u0151pont\">Id\u0151pont<\/label><\/div><div class='ff-el-input--content'><select name=\"idopont\" id=\"ff_11_idopont\" class=\"ff-el-form-control\" data-name=\"idopont\" data-calc_value=\"0\"  aria-invalid=\"false\" aria-required=\"true\" aria-labelledby=\"label_ff_11_idopont\"><option value=\"\">- Hour -<\/option><option value=\"12:00\"  >12:00<\/option><option value=\"13:00\"  >13:00<\/option><option value=\"14:00\"  >14:00<\/option><option value=\"15:00\"  >15:00<\/option><option value=\"16:00\"  >16:00<\/option><option value=\"17:00\"  >17:00<\/option><option value=\"18:00\"  >18:00<\/option><option value=\"19:00\"  >19:00<\/option><option value=\"20:00\"  >20:00<\/option><\/select><\/div><\/div><\/div><\/div><div class='ff-el-group ff-el-form-hide_label'><div class=\"ff-el-input--label ff-el-is-required asterisk-right\"><label for='ff_11_rendeles' id='label_ff_11_rendeles' aria-label=\"Rendel\u00e9s\">Rendel\u00e9s<\/label><\/div><div class='ff-el-input--content'><textarea aria-required=\"true\" aria-labelledby=\"label_ff_11_rendeles\" name=\"rendeles\" id=\"ff_11_rendeles\" class=\"ff-el-form-control\" placeholder=\"Order\" rows=\"13\" cols=\"1\" data-name=\"rendeles\" ><\/textarea><\/div><\/div><div class='ff-el-group ff-text-center ff_submit_btn_wrapper'><button type=\"submit\" class=\"ff-btn ff-btn-submit ff-btn-md ff_btn_style\"  aria-label=\"Order\">Order<\/button><\/div><\/fieldset><\/form><div id='fluentform_11_errors' class='ff-errors-in-stack ff_form_instance_11_1 ff-form-loading_errors ff_form_instance_11_1_errors'><\/div><\/div>            <script type=\"text\/javascript\">\n                window.fluent_form_ff_form_instance_11_1 = {\"id\":\"11\",\"ajaxUrl\":\"https:\\\/\\\/nancsineni.hu\\\/wp-admin\\\/admin-ajax.php\",\"settings\":{\"layout\":{\"labelPlacement\":\"top\",\"helpMessagePlacement\":\"with_label\",\"errorMessagePlacement\":\"inline\",\"asteriskPlacement\":\"asterisk-right\"},\"restrictions\":{\"denyEmptySubmission\":{\"enabled\":false}}},\"form_instance\":\"ff_form_instance_11_1\",\"form_id_selector\":\"fluentform_11\",\"rules\":{\"vezeteknev\":{\"required\":{\"value\":true,\"message\":\"This field is required\",\"global\":false,\"global_message\":\"Ez egy k\\u00f6telez\\u0151 mez\\u0151\"}},\"keresztnev\":{\"required\":{\"value\":true,\"message\":\"This field is required\",\"global\":false,\"global_message\":\"Ez egy k\\u00f6telez\\u0151 mez\\u0151\"}},\"email\":{\"required\":{\"value\":true,\"message\":\"This field is required\",\"global\":false,\"global_message\":\"Ez egy k\\u00f6telez\\u0151 mez\\u0151\"},\"email\":{\"value\":true,\"message\":\"Wrong email\",\"global\":false,\"global_message\":\"A mez\\u0151nek \\u00e9rv\\u00e9nyes emailc\\u00edmet kell tartalmaznia\"}},\"telefonszam\":{\"required\":{\"value\":true,\"message\":\"This field is required\",\"global\":false,\"global_message\":\"Ez egy k\\u00f6telez\\u0151 mez\\u0151\"}},\"dropdown\":{\"required\":{\"value\":true,\"message\":\"This field is required\",\"global\":false,\"global_message\":\"Ez egy k\\u00f6telez\\u0151 mez\\u0151\"}},\"idopont\":{\"required\":{\"value\":true,\"message\":\"This field is required\",\"global\":false,\"global_message\":\"Ez egy k\\u00f6telez\\u0151 mez\\u0151\"}},\"rendeles\":{\"required\":{\"value\":true,\"message\":\"This field is required\",\"global\":false,\"global_message\":\"Ez egy k\\u00f6telez\\u0151 mez\\u0151\"}},\"g-recaptcha-response\":[]},\"debounce_time\":300};\n                            <\/script>\n            [\/et_pb_code][et_pb_text _builder_version=&#8221;4.17.4&#8243; _module_preset=&#8221;default&#8221; text_font_size=&#8221;12px&#8221; custom_margin=&#8221;-20px||||false|false&#8221; global_colors_info=&#8221;{}&#8221;]<\/p>\n<p style=\"text-align: center;\">By using this form you agree with the storage and handling of your data by this website.<\/p>\n<p>[\/et_pb_text][\/et_pb_column][\/et_pb_row][\/et_pb_section]<\/p>\n","protected":false},"excerpt":{"rendered":"<p>Easter\u2019s offer for take-awayEaster delicacies for take-away From the 3rdof April until the 6th of April, 2026\u00a0from 12 pm until 8 pm. Please place your order until the 1st of April, 2026 till 8 pm. We are waiting for your orders by phone +36 30 162 31 20or via e-mail at nancsinenifoglalas@gmail.comor fill out the [&hellip;]<\/p>\n","protected":false},"author":4,"featured_media":0,"parent":0,"menu_order":0,"comment_status":"closed","ping_status":"closed","template":"","meta":{"_et_pb_use_builder":"on","_et_pb_old_content":"","_et_gb_content_width":"","footnotes":""},"class_list":["post-2495","page","type-page","status-publish","hentry"],"yoast_head":"<!-- This site is optimized with the Yoast SEO plugin v27.5 - https:\/\/yoast.com\/product\/yoast-seo-wordpress\/ -->\n<title>Easter offer for take-away - N\u00e1ncsi N\u00e9ni<\/title>\n<meta name=\"robots\" content=\"noindex, nofollow\" \/>\n<meta property=\"og:locale\" content=\"en_US\" \/>\n<meta property=\"og:type\" content=\"article\" \/>\n<meta property=\"og:title\" content=\"Easter offer for take-away - N\u00e1ncsi N\u00e9ni\" \/>\n<meta property=\"og:description\" content=\"Easter\u2019s offer for take-awayEaster delicacies for take-away From the 3rdof April until the 6th of April, 2026\u00a0from 12 pm until 8 pm. Please place your order until the 1st of April, 2026 till 8 pm. We are waiting for your orders by phone +36 30 162 31 20or via e-mail at nancsinenifoglalas@gmail.comor fill out the [&hellip;]\" \/>\n<meta property=\"og:url\" content=\"https:\/\/nancsineni.hu\/husveti-ajanlatunk-elvitelre\/\" \/>\n<meta property=\"og:site_name\" content=\"N\u00e1ncsi N\u00e9ni\" \/>\n<meta property=\"article:modified_time\" content=\"2026-03-15T19:17:45+00:00\" \/>\n<meta name=\"twitter:card\" content=\"summary_large_image\" \/>\n<script type=\"application\/ld+json\" class=\"yoast-schema-graph\">{\"@context\":\"https:\\\/\\\/schema.org\",\"@graph\":[{\"@type\":\"WebPage\",\"@id\":\"https:\\\/\\\/nancsineni.hu\\\/husveti-ajanlatunk-elvitelre\\\/\",\"url\":\"https:\\\/\\\/nancsineni.hu\\\/husveti-ajanlatunk-elvitelre\\\/\",\"name\":\"Easter offer for take-away - N\u00e1ncsi N\u00e9ni\",\"isPartOf\":{\"@id\":\"https:\\\/\\\/nancsineni.hu\\\/#website\"},\"datePublished\":\"2022-03-31T10:08:29+00:00\",\"dateModified\":\"2026-03-15T19:17:45+00:00\",\"inLanguage\":\"en-US\",\"potentialAction\":[{\"@type\":\"ReadAction\",\"target\":[\"https:\\\/\\\/nancsineni.hu\\\/husveti-ajanlatunk-elvitelre\\\/\"]}]},{\"@type\":\"WebSite\",\"@id\":\"https:\\\/\\\/nancsineni.hu\\\/#website\",\"url\":\"https:\\\/\\\/nancsineni.hu\\\/\",\"name\":\"N\u00e1ncsi N\u00e9ni\",\"description\":\"Budapest\",\"publisher\":{\"@id\":\"https:\\\/\\\/nancsineni.hu\\\/#organization\"},\"potentialAction\":[{\"@type\":\"SearchAction\",\"target\":{\"@type\":\"EntryPoint\",\"urlTemplate\":\"https:\\\/\\\/nancsineni.hu\\\/?s={search_term_string}\"},\"query-input\":{\"@type\":\"PropertyValueSpecification\",\"valueRequired\":true,\"valueName\":\"search_term_string\"}}],\"inLanguage\":\"en-US\"},{\"@type\":\"Organization\",\"@id\":\"https:\\\/\\\/nancsineni.hu\\\/#organization\",\"name\":\"N\u00e1ncsi N\u00e9ni Vend\u00e9gl\u0151je\",\"url\":\"https:\\\/\\\/nancsineni.hu\\\/\",\"logo\":{\"@type\":\"ImageObject\",\"inLanguage\":\"en-US\",\"@id\":\"https:\\\/\\\/nancsineni.hu\\\/#\\\/schema\\\/logo\\\/image\\\/\",\"url\":\"https:\\\/\\\/nancsineni.hu\\\/wp-content\\\/uploads\\\/2020\\\/10\\\/nancsi-neni-vendegloje-logo.png\",\"contentUrl\":\"https:\\\/\\\/nancsineni.hu\\\/wp-content\\\/uploads\\\/2020\\\/10\\\/nancsi-neni-vendegloje-logo.png\",\"width\":633,\"height\":195,\"caption\":\"N\u00e1ncsi N\u00e9ni Vend\u00e9gl\u0151je\"},\"image\":{\"@id\":\"https:\\\/\\\/nancsineni.hu\\\/#\\\/schema\\\/logo\\\/image\\\/\"}}]}<\/script>\n<!-- \/ Yoast SEO plugin. -->","yoast_head_json":{"title":"Easter offer for take-away - N\u00e1ncsi N\u00e9ni","robots":{"index":"noindex","follow":"nofollow"},"og_locale":"en_US","og_type":"article","og_title":"Easter offer for take-away - N\u00e1ncsi N\u00e9ni","og_description":"Easter\u2019s offer for take-awayEaster delicacies for take-away From the 3rdof April until the 6th of April, 2026\u00a0from 12 pm until 8 pm. Please place your order until the 1st of April, 2026 till 8 pm. We are waiting for your orders by phone +36 30 162 31 20or via e-mail at nancsinenifoglalas@gmail.comor fill out the [&hellip;]","og_url":"https:\/\/nancsineni.hu\/husveti-ajanlatunk-elvitelre\/","og_site_name":"N\u00e1ncsi N\u00e9ni","article_modified_time":"2026-03-15T19:17:45+00:00","twitter_card":"summary_large_image","schema":{"@context":"https:\/\/schema.org","@graph":[{"@type":"WebPage","@id":"https:\/\/nancsineni.hu\/husveti-ajanlatunk-elvitelre\/","url":"https:\/\/nancsineni.hu\/husveti-ajanlatunk-elvitelre\/","name":"Easter offer for take-away - N\u00e1ncsi N\u00e9ni","isPartOf":{"@id":"https:\/\/nancsineni.hu\/#website"},"datePublished":"2022-03-31T10:08:29+00:00","dateModified":"2026-03-15T19:17:45+00:00","inLanguage":"en-US","potentialAction":[{"@type":"ReadAction","target":["https:\/\/nancsineni.hu\/husveti-ajanlatunk-elvitelre\/"]}]},{"@type":"WebSite","@id":"https:\/\/nancsineni.hu\/#website","url":"https:\/\/nancsineni.hu\/","name":"N\u00e1ncsi N\u00e9ni","description":"Budapest","publisher":{"@id":"https:\/\/nancsineni.hu\/#organization"},"potentialAction":[{"@type":"SearchAction","target":{"@type":"EntryPoint","urlTemplate":"https:\/\/nancsineni.hu\/?s={search_term_string}"},"query-input":{"@type":"PropertyValueSpecification","valueRequired":true,"valueName":"search_term_string"}}],"inLanguage":"en-US"},{"@type":"Organization","@id":"https:\/\/nancsineni.hu\/#organization","name":"N\u00e1ncsi N\u00e9ni Vend\u00e9gl\u0151je","url":"https:\/\/nancsineni.hu\/","logo":{"@type":"ImageObject","inLanguage":"en-US","@id":"https:\/\/nancsineni.hu\/#\/schema\/logo\/image\/","url":"https:\/\/nancsineni.hu\/wp-content\/uploads\/2020\/10\/nancsi-neni-vendegloje-logo.png","contentUrl":"https:\/\/nancsineni.hu\/wp-content\/uploads\/2020\/10\/nancsi-neni-vendegloje-logo.png","width":633,"height":195,"caption":"N\u00e1ncsi N\u00e9ni Vend\u00e9gl\u0151je"},"image":{"@id":"https:\/\/nancsineni.hu\/#\/schema\/logo\/image\/"}}]}},"_links":{"self":[{"href":"https:\/\/nancsineni.hu\/en\/wp-json\/wp\/v2\/pages\/2495","targetHints":{"allow":["GET"]}}],"collection":[{"href":"https:\/\/nancsineni.hu\/en\/wp-json\/wp\/v2\/pages"}],"about":[{"href":"https:\/\/nancsineni.hu\/en\/wp-json\/wp\/v2\/types\/page"}],"author":[{"embeddable":true,"href":"https:\/\/nancsineni.hu\/en\/wp-json\/wp\/v2\/users\/4"}],"replies":[{"embeddable":true,"href":"https:\/\/nancsineni.hu\/en\/wp-json\/wp\/v2\/comments?post=2495"}],"version-history":[{"count":20,"href":"https:\/\/nancsineni.hu\/en\/wp-json\/wp\/v2\/pages\/2495\/revisions"}],"predecessor-version":[{"id":6269,"href":"https:\/\/nancsineni.hu\/en\/wp-json\/wp\/v2\/pages\/2495\/revisions\/6269"}],"wp:attachment":[{"href":"https:\/\/nancsineni.hu\/en\/wp-json\/wp\/v2\/media?parent=2495"}],"curies":[{"name":"wp","href":"https:\/\/api.w.org\/{rel}","templated":true}]}}