{"id":5593,"date":"2025-02-10T10:41:50","date_gmt":"2025-02-10T10:41:50","guid":{"rendered":"https:\/\/nancsineni.hu\/?page_id=5593"},"modified":"2025-02-10T10:41:51","modified_gmt":"2025-02-10T10:41:51","slug":"reservation","status":"publish","type":"page","link":"https:\/\/nancsineni.hu\/en\/reservation\/","title":{"rendered":"Reservation"},"content":{"rendered":"","protected":false},"excerpt":{"rendered":"","protected":false},"author":4,"featured_media":0,"parent":0,"menu_order":0,"comment_status":"closed","ping_status":"closed","template":"","meta":{"_et_pb_use_builder":"on","_et_pb_old_content":"","_et_gb_content_width":"","footnotes":""},"class_list":["post-5593","page","type-page","status-publish","hentry"],"yoast_head":"<!-- This site is optimized with the Yoast SEO plugin v27.2 - https:\/\/yoast.com\/product\/yoast-seo-wordpress\/ -->\n<title>Reservation - N\u00e1ncsi N\u00e9ni<\/title>\n<meta name=\"robots\" content=\"index, follow, max-snippet:-1, max-image-preview:large, max-video-preview:-1\" \/>\n<link rel=\"canonical\" href=\"https:\/\/nancsineni.hu\/en\/reservation\/\" \/>\n<meta property=\"og:locale\" content=\"en_US\" \/>\n<meta property=\"og:type\" content=\"article\" \/>\n<meta property=\"og:title\" content=\"Reservation - N\u00e1ncsi N\u00e9ni\" \/>\n<meta property=\"og:url\" content=\"https:\/\/nancsineni.hu\/en\/reservation\/\" \/>\n<meta property=\"og:site_name\" content=\"N\u00e1ncsi N\u00e9ni\" \/>\n<meta property=\"article:modified_time\" content=\"2025-02-10T10:41:51+00:00\" \/>\n<meta name=\"twitter:card\" content=\"summary_large_image\" \/>\n<script type=\"application\/ld+json\" class=\"yoast-schema-graph\">{\"@context\":\"https:\/\/schema.org\",\"@graph\":[{\"@type\":\"WebPage\",\"@id\":\"https:\/\/nancsineni.hu\/en\/reservation\/\",\"url\":\"https:\/\/nancsineni.hu\/en\/reservation\/\",\"name\":\"Reservation - N\u00e1ncsi N\u00e9ni\",\"isPartOf\":{\"@id\":\"https:\/\/nancsineni.hu\/#website\"},\"datePublished\":\"2025-02-10T10:41:50+00:00\",\"dateModified\":\"2025-02-10T10:41:51+00:00\",\"inLanguage\":\"en-US\",\"potentialAction\":[{\"@type\":\"ReadAction\",\"target\":[\"https:\/\/nancsineni.hu\/en\/reservation\/\"]}]},{\"@type\":\"WebSite\",\"@id\":\"https:\/\/nancsineni.hu\/#website\",\"url\":\"https:\/\/nancsineni.hu\/\",\"name\":\"N\u00e1ncsi N\u00e9ni\",\"description\":\"Budapest\",\"publisher\":{\"@id\":\"https:\/\/nancsineni.hu\/#organization\"},\"potentialAction\":[{\"@type\":\"SearchAction\",\"target\":{\"@type\":\"EntryPoint\",\"urlTemplate\":\"https:\/\/nancsineni.hu\/?s={search_term_string}\"},\"query-input\":{\"@type\":\"PropertyValueSpecification\",\"valueRequired\":true,\"valueName\":\"search_term_string\"}}],\"inLanguage\":\"en-US\"},{\"@type\":\"Organization\",\"@id\":\"https:\/\/nancsineni.hu\/#organization\",\"name\":\"N\u00e1ncsi N\u00e9ni Vend\u00e9gl\u0151je\",\"url\":\"https:\/\/nancsineni.hu\/\",\"logo\":{\"@type\":\"ImageObject\",\"inLanguage\":\"en-US\",\"@id\":\"https:\/\/nancsineni.hu\/#\/schema\/logo\/image\/\",\"url\":\"https:\/\/nancsineni.hu\/wp-content\/uploads\/2020\/10\/nancsi-neni-vendegloje-logo.png\",\"contentUrl\":\"https:\/\/nancsineni.hu\/wp-content\/uploads\/2020\/10\/nancsi-neni-vendegloje-logo.png\",\"width\":633,\"height\":195,\"caption\":\"N\u00e1ncsi N\u00e9ni Vend\u00e9gl\u0151je\"},\"image\":{\"@id\":\"https:\/\/nancsineni.hu\/#\/schema\/logo\/image\/\"}}]}<\/script>\n<!-- \/ Yoast SEO plugin. -->","yoast_head_json":{"title":"Reservation - N\u00e1ncsi N\u00e9ni","robots":{"index":"index","follow":"follow","max-snippet":"max-snippet:-1","max-image-preview":"max-image-preview:large","max-video-preview":"max-video-preview:-1"},"canonical":"https:\/\/nancsineni.hu\/en\/reservation\/","og_locale":"en_US","og_type":"article","og_title":"Reservation - N\u00e1ncsi N\u00e9ni","og_url":"https:\/\/nancsineni.hu\/en\/reservation\/","og_site_name":"N\u00e1ncsi N\u00e9ni","article_modified_time":"2025-02-10T10:41:51+00:00","twitter_card":"summary_large_image","schema":{"@context":"https:\/\/schema.org","@graph":[{"@type":"WebPage","@id":"https:\/\/nancsineni.hu\/en\/reservation\/","url":"https:\/\/nancsineni.hu\/en\/reservation\/","name":"Reservation - N\u00e1ncsi N\u00e9ni","isPartOf":{"@id":"https:\/\/nancsineni.hu\/#website"},"datePublished":"2025-02-10T10:41:50+00:00","dateModified":"2025-02-10T10:41:51+00:00","inLanguage":"en-US","potentialAction":[{"@type":"ReadAction","target":["https:\/\/nancsineni.hu\/en\/reservation\/"]}]},{"@type":"WebSite","@id":"https:\/\/nancsineni.hu\/#website","url":"https:\/\/nancsineni.hu\/","name":"N\u00e1ncsi N\u00e9ni","description":"Budapest","publisher":{"@id":"https:\/\/nancsineni.hu\/#organization"},"potentialAction":[{"@type":"SearchAction","target":{"@type":"EntryPoint","urlTemplate":"https:\/\/nancsineni.hu\/?s={search_term_string}"},"query-input":{"@type":"PropertyValueSpecification","valueRequired":true,"valueName":"search_term_string"}}],"inLanguage":"en-US"},{"@type":"Organization","@id":"https:\/\/nancsineni.hu\/#organization","name":"N\u00e1ncsi N\u00e9ni Vend\u00e9gl\u0151je","url":"https:\/\/nancsineni.hu\/","logo":{"@type":"ImageObject","inLanguage":"en-US","@id":"https:\/\/nancsineni.hu\/#\/schema\/logo\/image\/","url":"https:\/\/nancsineni.hu\/wp-content\/uploads\/2020\/10\/nancsi-neni-vendegloje-logo.png","contentUrl":"https:\/\/nancsineni.hu\/wp-content\/uploads\/2020\/10\/nancsi-neni-vendegloje-logo.png","width":633,"height":195,"caption":"N\u00e1ncsi N\u00e9ni Vend\u00e9gl\u0151je"},"image":{"@id":"https:\/\/nancsineni.hu\/#\/schema\/logo\/image\/"}}]}},"_links":{"self":[{"href":"https:\/\/nancsineni.hu\/en\/wp-json\/wp\/v2\/pages\/5593","targetHints":{"allow":["GET"]}}],"collection":[{"href":"https:\/\/nancsineni.hu\/en\/wp-json\/wp\/v2\/pages"}],"about":[{"href":"https:\/\/nancsineni.hu\/en\/wp-json\/wp\/v2\/types\/page"}],"author":[{"embeddable":true,"href":"https:\/\/nancsineni.hu\/en\/wp-json\/wp\/v2\/users\/4"}],"replies":[{"embeddable":true,"href":"https:\/\/nancsineni.hu\/en\/wp-json\/wp\/v2\/comments?post=5593"}],"version-history":[{"count":1,"href":"https:\/\/nancsineni.hu\/en\/wp-json\/wp\/v2\/pages\/5593\/revisions"}],"predecessor-version":[{"id":5594,"href":"https:\/\/nancsineni.hu\/en\/wp-json\/wp\/v2\/pages\/5593\/revisions\/5594"}],"wp:attachment":[{"href":"https:\/\/nancsineni.hu\/en\/wp-json\/wp\/v2\/media?parent=5593"}],"curies":[{"name":"wp","href":"https:\/\/api.w.org\/{rel}","templated":true}]}}