{"id":575,"date":"2020-11-24T14:51:16","date_gmt":"2020-11-24T14:51:16","guid":{"rendered":"http:\/\/nancsineni.hu\/szezonalis-ajanlat\/"},"modified":"2026-04-09T19:57:37","modified_gmt":"2026-04-09T19:57:37","slug":"seasonal-offer","status":"publish","type":"page","link":"https:\/\/nancsineni.hu\/en\/seasonal-offer\/","title":{"rendered":"Seasonal offer"},"content":{"rendered":"<p>[et_pb_section fb_built=&#8221;1&#8243; module_id=&#8221;weekend-offer&#8221; _builder_version=&#8221;4.16&#8243; _module_preset=&#8221;default&#8221; global_colors_info=&#8221;{}&#8221;][et_pb_row custom_padding_last_edited=&#8221;on|desktop&#8221; module_class=&#8221;stickey-menu-header&#8221; _builder_version=&#8221;4.16&#8243; _module_preset=&#8221;default&#8221; width=&#8221;100%&#8221; max_width=&#8221;100%&#8221; custom_padding=&#8221;||0px||false|false&#8221; custom_padding_tablet=&#8221;|0px|0px|0px|false|true&#8221; custom_padding_phone=&#8221;&#8221; global_colors_info=&#8221;{}&#8221;][et_pb_column type=&#8221;4_4&#8243; _builder_version=&#8221;4.16&#8243; _module_preset=&#8221;default&#8221; global_colors_info=&#8221;{}&#8221;][et_pb_divider divider_weight=&#8221;3px&#8221; _builder_version=&#8221;4.16&#8243; _module_preset=&#8221;default&#8221; width=&#8221;100%&#8221; max_width=&#8221;100%&#8221; module_alignment=&#8221;center&#8221; custom_margin=&#8221;||-5px||false|false&#8221; custom_padding=&#8221;||||false|false&#8221; global_colors_info=&#8221;{}&#8221;][\/et_pb_divider][et_pb_text _builder_version=&#8221;4.16&#8243; _module_preset=&#8221;default&#8221; header_font=&#8221;|600|||||||&#8221; header_text_align=&#8221;center&#8221; header_text_color=&#8221;#484848&#8243; custom_padding=&#8221;10px||||false|false&#8221; global_colors_info=&#8221;{}&#8221;]<\/p>\n<h1 style=\"text-align: center;\">Seasonal offer<\/h1>\n<p>[\/et_pb_text][et_pb_divider divider_weight=&#8221;3px&#8221; _builder_version=&#8221;4.16&#8243; _module_preset=&#8221;default&#8221; width=&#8221;100%&#8221; max_width=&#8221;100%&#8221; module_alignment=&#8221;center&#8221; custom_margin=&#8221;-20px||||false|false&#8221; global_colors_info=&#8221;{}&#8221;][\/et_pb_divider][\/et_pb_column][\/et_pb_row][et_pb_row _builder_version=&#8221;4.16&#8243; _module_preset=&#8221;default&#8221; global_colors_info=&#8221;{}&#8221;][et_pb_column type=&#8221;4_4&#8243; _builder_version=&#8221;4.16&#8243; _module_preset=&#8221;default&#8221; global_colors_info=&#8221;{}&#8221;][et_pb_text _builder_version=&#8221;4.27.6&#8243; _module_preset=&#8221;default&#8221; text_text_color=&#8221;#C39D63&#8243; header_text_align=&#8221;center&#8221; text_orientation=&#8221;center&#8221; hover_enabled=&#8221;0&#8243; global_colors_info=&#8221;{}&#8221; sticky_enabled=&#8221;0&#8243;]<\/p>\n<p>Dear Guests,<\/p>\n<p><span>We look forward to welcoming you with many delicious dishes, and with the arrival of the warm weather, you can now also enjoy a pleasant lunch or dinner in our garden.<\/span><\/p>\n<p><span>We also prepare special dishes, which can be found on the daily offer, it is worth to taste\u00a0and the variety feels really good.<\/span><\/p>\n<p><span><\/span><\/p>\n<p><span>If you wish to bring a cake for birthdays or any other occasions please provide\u00a0the invoice you received from the confectionary.<\/span><\/p>\n<p>Please contact us for reservation by phone or e-mail:<\/p>\n<p>Telephone: <strong>+36 30 132 31 20<\/strong><br \/>e-mail: <strong><a href=\"mailto:info@nancsineni.hu\">info@nancsineni.hu<\/a><\/strong><br \/>Address: 1029 Budapest, \u00d6rd\u00f6g\u00e1rok u. 80.<\/p>\n<p>We are open from 12pm until 10pm every day.<\/p>\n<p style=\"font-weight: 400;\"><strong><em>Here,\u00a0a half portion is half price, and a quarter portion is quarter price<\/em><\/strong><strong><em>!\u00a0<\/em><\/strong><\/p>\n<p>We hope to see you soon,<br \/><strong>Restaurant N\u00e1ncsi N\u00e9ni<\/strong><\/p>\n<p>[\/et_pb_text][\/et_pb_column][\/et_pb_row][et_pb_row _builder_version=&#8221;4.16&#8243; _module_preset=&#8221;default&#8221; custom_padding=&#8221;||0px||false|false&#8221; global_colors_info=&#8221;{}&#8221;][et_pb_column type=&#8221;4_4&#8243; _builder_version=&#8221;4.16&#8243; _module_preset=&#8221;default&#8221; global_colors_info=&#8221;{}&#8221;][et_pb_divider divider_weight=&#8221;2px&#8221; _builder_version=&#8221;4.16&#8243; _module_preset=&#8221;default&#8221; width=&#8221;800px&#8221; max_width=&#8221;100%&#8221; module_alignment=&#8221;center&#8221; custom_margin=&#8221;||-5px||false|false&#8221; global_colors_info=&#8221;{}&#8221;][\/et_pb_divider][et_pb_text _builder_version=&#8221;4.27.6&#8243; _module_preset=&#8221;default&#8221; header_2_font=&#8221;|600|||||||&#8221; hover_enabled=&#8221;0&#8243; global_colors_info=&#8221;{}&#8221; sticky_enabled=&#8221;0&#8243;]<\/p>\n<h2 style=\"text-align: center;\">Our seasonal daily offer from the 10th of April, 2026<\/h2>\n<p>[\/et_pb_text][et_pb_divider divider_weight=&#8221;2px&#8221; _builder_version=&#8221;4.16&#8243; _module_preset=&#8221;default&#8221; width=&#8221;800px&#8221; max_width=&#8221;100%&#8221; module_alignment=&#8221;center&#8221; custom_margin=&#8221;-20px||5px||false|false&#8221; global_colors_info=&#8221;{}&#8221;][\/et_pb_divider][\/et_pb_column][\/et_pb_row][et_pb_row column_structure=&#8221;1_2,1_2&#8243; _builder_version=&#8221;4.16&#8243; _module_preset=&#8221;default&#8221; custom_padding=&#8221;||||false|false&#8221; global_colors_info=&#8221;{}&#8221;][et_pb_column type=&#8221;1_2&#8243; _builder_version=&#8221;4.16&#8243; _module_preset=&#8221;default&#8221; global_colors_info=&#8221;{}&#8221;][et_pb_text _builder_version=&#8221;4.27.5&#8243; _module_preset=&#8221;default&#8221; text_orientation=&#8221;center&#8221; global_colors_info=&#8221;{}&#8221;]<\/p>\n<p><span style=\"text-decoration: underline;\"><strong><strong style=\"color: #c39d63; text-decoration: underline;\">SEASONAL DRINK OFFERS:<\/strong><\/strong><\/span><strong><\/strong><\/p>\n<p><strong>APEROL SPRITZ<\/strong><br \/>Cold, sparkling, herbal-orange drink.\u00a0\u00a0Served with Bortolomiol sparkling wine, orange slices and ice.<br \/><strong><strong style=\"color: #c39d63;\">3 350 HUF<\/strong><\/strong><\/p>\n<p><strong>HUGO<\/strong><br \/>Refreshing delicacy, prepared with Bortolomiol sparkling wine, elderflower syrup, fresh mint, lime slices<br \/>and lots of ice.<br \/><strong><strong style=\"color: #c39d63;\">3 350 HUF<\/strong><\/strong><\/p>\n<p>[\/et_pb_text][\/et_pb_column][et_pb_column type=&#8221;1_2&#8243; _builder_version=&#8221;4.16&#8243; _module_preset=&#8221;default&#8221; global_colors_info=&#8221;{}&#8221;][et_pb_text _builder_version=&#8221;4.27.6&#8243; _module_preset=&#8221;default&#8221; text_orientation=&#8221;center&#8221; hover_enabled=&#8221;0&#8243; global_colors_info=&#8221;{}&#8221; sticky_enabled=&#8221;0&#8243;]<\/p>\n<p><strong><span style=\"text-decoration: underline;\"><span style=\"color: #c39d63; text-decoration: underline;\">SOUPS:<\/span><\/span><\/strong><\/p>\n<p><strong>CHICKEN LIVER DUMPLING SOUP <\/strong>(LF)<br \/><span>With carrot and fresh parsley.<\/span><br \/><strong><span><strong style=\"color: #c39d63;\">2 890 HUF<\/strong><\/span><\/strong><span><strong><\/strong><\/span><\/p>\n<p><span><strong>RAMSON CREAM SOUP<\/strong><br \/>With toasted rolls cube (crouton).<\/span><br \/><strong><span><strong style=\"color: #c39d63;\">2 890 HUF<\/strong><\/span><\/strong><\/p>\n<p>[\/et_pb_text][\/et_pb_column][\/et_pb_row][et_pb_row _builder_version=&#8221;4.16&#8243; _module_preset=&#8221;default&#8221; global_colors_info=&#8221;{}&#8221;][et_pb_column type=&#8221;4_4&#8243; _builder_version=&#8221;4.16&#8243; _module_preset=&#8221;default&#8221; global_colors_info=&#8221;{}&#8221;][et_pb_divider divider_weight=&#8221;2px&#8221; _builder_version=&#8221;4.27.4&#8243; _module_preset=&#8221;default&#8221; width=&#8221;300px&#8221; max_width=&#8221;100%&#8221; module_alignment=&#8221;center&#8221; custom_margin=&#8221;||-5px||false|false&#8221; global_colors_info=&#8221;{}&#8221;][\/et_pb_divider][\/et_pb_column][\/et_pb_row][et_pb_row column_structure=&#8221;1_2,1_2&#8243; _builder_version=&#8221;4.16&#8243; _module_preset=&#8221;default&#8221; custom_padding=&#8221;38px||||false|false&#8221; global_colors_info=&#8221;{}&#8221;][et_pb_column type=&#8221;1_2&#8243; _builder_version=&#8221;4.16&#8243; _module_preset=&#8221;default&#8221; global_colors_info=&#8221;{}&#8221;][et_pb_text _builder_version=&#8221;4.27.6&#8243; _module_preset=&#8221;default&#8221; text_orientation=&#8221;center&#8221; hover_enabled=&#8221;0&#8243; global_colors_info=&#8221;{}&#8221; sticky_enabled=&#8221;0&#8243;]<\/p>\n<p><strong style=\"color: #c39d63; text-decoration: underline;\">MAIN COURSES:<\/strong><\/p>\n<p><span><strong>THE FIRST SPRING MORELLE<\/strong><br \/>Fresh morelle, with creamy sauce parfumed with thyme and white wine. Baked in oven with grated parmesan. Served with vegetable rice.<br \/><strong><strong style=\"color: #c39d63;\">5 780 HUF<\/strong><\/strong><\/span><\/p>\n<p><span><strong>EASTER SPICY ROAST FO LAMB TROTTERS<\/strong><br \/>We offer saffron flavoured mashed potato, garlic confit and a spicy sauce to it.<br \/><strong><strong style=\"color: #c39d63;\">8 250 HUF<\/strong><\/strong><\/span><\/p>\n<p><strong><strong style=\"color: #c39d63;\"> <\/strong><\/strong><\/p>\n<p><strong><strong style=\"color: #c39d63;\"><\/strong><\/strong><span><strong>CRISPY DUCK LEG WITH IT&#8217;S OWN DUCK LIVER<\/strong>\u00a0(GF)<br \/>A crispy leg of duck, with a slice of grilled duck liver, with steamed red cabbage, in red wine stewed prune, compote of cinnamon and vanilla parfumed apple and mashed potatoes.<br \/><strong><strong style=\"color: #c39d63;\">7 980 HUF<\/strong><\/strong><\/span><\/p>\n<p><span><strong>HUNGARIAN STUFFED PEPPER<\/strong><\/span><span>(LF)<br \/>With a couple of pieces of boiled potato.<br \/><strong><strong style=\"color: #c39d63;\">6 350 HUF<\/strong><\/strong><\/span><\/p>\n<p>[\/et_pb_text][\/et_pb_column][et_pb_column type=&#8221;1_2&#8243; _builder_version=&#8221;4.16&#8243; _module_preset=&#8221;default&#8221; global_colors_info=&#8221;{}&#8221;][et_pb_text _builder_version=&#8221;4.27.6&#8243; _module_preset=&#8221;default&#8221; text_orientation=&#8221;center&#8221; hover_enabled=&#8221;0&#8243; global_colors_info=&#8221;{}&#8221; sticky_enabled=&#8221;0&#8243;]<\/p>\n<div>\n<div class=\"column\"><span><strong>BEEFSTEAK WITH GREEN PEPPERCORN SAUCE\u00a0<\/strong>(GF)<br \/>Good, thick fillet steak (250 gr) cooked to order and served with green peppercorn sauce and french fries.<br \/><strong><strong style=\"color: #c39d63;\">13 500 HUF<\/strong><\/strong><\/span><\/div>\n<div class=\"column\"><span><strong><\/strong><\/span><\/div>\n<div class=\"column\"><span><strong>STEAK AND ONION<\/strong>\u00a0(20 dkg, LF)<br \/>Well tenderised tenderloin from Argentina seasoned with mustard and quick-fried, then piled with crispy onions. Served with fried potatoes.<\/span><br \/><strong><strong style=\"color: #c39d63;\">12 900 HUF<\/strong><\/strong><\/div>\n<div class=\"column\"><strong><strong style=\"color: #c39d63;\"><\/strong><\/strong><\/div>\n<div class=\"column\"><span><strong>CRISPY KING PRAWNS FRIED IN PANKO CRUMBS <\/strong>(LF)<br \/>We serve this light dish with saffron seasoned rice, fresh salad, and sweet chili sauce.<br \/><strong><span style=\"color: #c39d63;\">7 390 HUF<\/span><\/strong><\/span><strong><strong style=\"color: #c39d63;\"><\/strong><\/strong><\/div>\n<div class=\"column\"><span><strong><span style=\"color: #c39d63;\"><\/span><\/strong><\/span><\/div>\n<div class=\"column\"><span><strong>HUNGARIAN CHICKEN PAPRIKASH WITH SOUR CREAM<\/strong><br \/>(without bone because of the children)<br \/>Served with Hungarian-style flour-based noodles. It\u2019s the best to eat it with a big spoon.<br \/><strong><span style=\"color: #c39d63;\">5 980 HUF<\/span><\/strong><\/span><\/div>\n<div class=\"column\"><\/div>\n<\/div>\n<div>\n<div class=\"column\"><span><strong>M\u00c9DALLIONS OF VENISON WITH CRANBERRY, <\/strong><\/span><\/div>\n<div class=\"column\"><span><strong>BOLETUS SAUCE<\/strong><br \/>The m\u00e9dallions of soft and tender venison are grilled then served with a piquant sauce of dried cranberry-boletus-thyme and home-made potato balls.<br \/><strong><span style=\"color: #c39d63;\">8 350 HUF<\/span><\/strong><\/span><\/div>\n<p>&nbsp;<\/p>\n<div><i><span lang=\"EN-GB\">*<\/span><span lang=\"EN-GB\">Sch\u00e4r gluten free bread can be ordered.<\/span><\/i><\/div>\n<div>\n<div><i><span lang=\"EN-GB\">*<\/span><span lang=\"EN-GB\">Your waiter gives information on allergen ingredients<\/span><\/i><\/div>\n<\/div>\n<\/div>\n<p>[\/et_pb_text][\/et_pb_column][\/et_pb_row][et_pb_row _builder_version=&#8221;4.16&#8243; _module_preset=&#8221;default&#8221; global_colors_info=&#8221;{}&#8221;][et_pb_column type=&#8221;4_4&#8243; _builder_version=&#8221;4.16&#8243; _module_preset=&#8221;default&#8221; global_colors_info=&#8221;{}&#8221;][et_pb_divider divider_weight=&#8221;2px&#8221; _builder_version=&#8221;4.16&#8243; _module_preset=&#8221;default&#8221; width=&#8221;300px&#8221; max_width=&#8221;100%&#8221; module_alignment=&#8221;center&#8221; custom_margin=&#8221;||-5px||false|false&#8221; global_colors_info=&#8221;{}&#8221;][\/et_pb_divider][\/et_pb_column][\/et_pb_row][et_pb_row column_structure=&#8221;1_2,1_2&#8243; _builder_version=&#8221;4.16&#8243; _module_preset=&#8221;default&#8221; custom_padding=&#8221;||||false|false&#8221; global_colors_info=&#8221;{}&#8221;][et_pb_column type=&#8221;1_2&#8243; _builder_version=&#8221;4.16&#8243; _module_preset=&#8221;default&#8221; global_colors_info=&#8221;{}&#8221;][et_pb_text _builder_version=&#8221;4.27.6&#8243; _module_preset=&#8221;default&#8221; text_orientation=&#8221;center&#8221; hover_enabled=&#8221;0&#8243; global_colors_info=&#8221;{}&#8221; sticky_enabled=&#8221;0&#8243;]<\/p>\n<p><strong><span style=\"text-decoration: underline;\"><span style=\"color: #c39d63; text-decoration: underline;\">DESSERTS:<\/span><\/span><\/strong><span><\/span><\/p>\n<div><span><strong>Cold raspberry \u2018Tiramisu\u2019<\/strong><br \/>It calms not only the stomach but the soul.<br \/><\/span><span><strong><span style=\"color: #c39d63;\">2 920 HUF<\/span><\/strong><\/span><\/div>\n<p><strong>FLOATING ISLANDS<\/strong>\u00a0(GF)<br \/>With lots of vanilla and plenty of froth.<br \/><span><strong><span style=\"color: #c39d63;\">2 920 HUF<\/span><\/strong><\/span><\/p>\n<p>[\/et_pb_text][\/et_pb_column][et_pb_column type=&#8221;1_2&#8243; _builder_version=&#8221;4.16&#8243; _module_preset=&#8221;default&#8221; global_colors_info=&#8221;{}&#8221;][et_pb_text _builder_version=&#8221;4.27.5&#8243; _module_preset=&#8221;default&#8221; text_orientation=&#8221;center&#8221; global_colors_info=&#8221;{}&#8221;]<\/p>\n<p><strong><span style=\"text-decoration: underline;\"><span style=\"color: #c39d63; text-decoration: underline;\">NEW ON THE MENU:<\/span><\/span><\/strong><\/p>\n<p><strong>CRISPY FRIED SWEET POTATO<\/strong> (LF, GF)<br \/><span style=\"color: #c39d63;\"><strong>1 300 HUF <\/strong>\/ portion<\/span><\/p>\n<div><\/div>\n<p>&nbsp;<\/p>\n<p>The invoice includes 15 % service charge.<span><span style=\"color: #c39d63;\"><\/span><\/span><\/p>\n<p>[\/et_pb_text][\/et_pb_column][\/et_pb_row][et_pb_row disabled_on=&#8221;on|on|on&#8221; _builder_version=&#8221;4.16&#8243; _module_preset=&#8221;default&#8221; disabled=&#8221;on&#8221; global_colors_info=&#8221;{}&#8221;][et_pb_column type=&#8221;4_4&#8243; _builder_version=&#8221;4.16&#8243; _module_preset=&#8221;default&#8221; global_colors_info=&#8221;{}&#8221;][et_pb_divider divider_weight=&#8221;2px&#8221; _builder_version=&#8221;4.16&#8243; _module_preset=&#8221;default&#8221; width=&#8221;300px&#8221; max_width=&#8221;100%&#8221; module_alignment=&#8221;center&#8221; custom_margin=&#8221;||-5px||false|false&#8221; global_colors_info=&#8221;{}&#8221;][\/et_pb_divider][et_pb_text _builder_version=&#8221;4.16&#8243; _module_preset=&#8221;default&#8221; header_2_font=&#8221;|600|||||||&#8221; global_colors_info=&#8221;{}&#8221;]<\/p>\n<h2 style=\"text-align: center;\">Valentine&#8217;s Day Menu<\/h2>\n<p>[\/et_pb_text][et_pb_divider divider_weight=&#8221;2px&#8221; _builder_version=&#8221;4.16&#8243; _module_preset=&#8221;default&#8221; width=&#8221;300px&#8221; max_width=&#8221;100%&#8221; module_alignment=&#8221;center&#8221; custom_margin=&#8221;-20px||5px||false|false&#8221; global_colors_info=&#8221;{}&#8221;][\/et_pb_divider][et_pb_text _builder_version=&#8221;4.16&#8243; _module_preset=&#8221;default&#8221; header_text_align=&#8221;center&#8221; global_colors_info=&#8221;{}&#8221;]<\/p>\n<p style=\"text-align: center;\">Dear Guests!<\/p>\n<p style=\"text-align: center;\">We are preparing fou you valentines day menu offer on the 14th of february from 12:00 until 19:00 for take away and home delivery.<\/p>\n<p style=\"text-align: center;\">Please give your order until the 11th of february until 19:00.<\/p>\n<p style=\"text-align: center;\">Thank you!<\/p>\n<p>[\/et_pb_text][\/et_pb_column][\/et_pb_row][et_pb_row column_structure=&#8221;1_2,1_2&#8243; disabled_on=&#8221;on|on|on&#8221; _builder_version=&#8221;4.16&#8243; _module_preset=&#8221;default&#8221; custom_padding=&#8221;||||false|false&#8221; disabled=&#8221;on&#8221; global_colors_info=&#8221;{}&#8221;][et_pb_column type=&#8221;1_2&#8243; _builder_version=&#8221;4.16&#8243; _module_preset=&#8221;default&#8221; global_colors_info=&#8221;{}&#8221;][et_pb_text _builder_version=&#8221;4.16&#8243; _module_preset=&#8221;default&#8221; text_orientation=&#8221;center&#8221; global_colors_info=&#8221;{}&#8221;]<\/p>\n<p><strong>MENU FOR WOMEN<\/strong><\/p>\n<p><strong>HUNGARIAN BLACK TRUFFLE CREAM SOUP<\/strong><br \/>Served with on butter toasted roll bread cubes.<\/p>\n<p><strong>M\u00c9DALLIONS OF VENISON WITH CRANBERRY, BOLETUS SAUCE<\/strong><br \/>The m\u00e9dallions of soft and tender venison are grilled<br \/>then served with a piquant sauce of dried cranberry-boletus-thyme and home-made potato balls.<\/p>\n<p><strong>\u201eVARGAB\u00c9LES\u201d \u2013 HUNGARIAN COTTAGE-CHEESE DELICACY<\/strong><br \/>It calms not only the stomach but the soul too.<br \/>Served with balm parfumed strawberry sauce.<\/p>\n<p><span style=\"color: #c39d63;\"><strong>Price of the menu: 9.250 Ft<\/strong><\/span><\/p>\n<p>&nbsp;<\/p>\n<p>[\/et_pb_text][\/et_pb_column][et_pb_column type=&#8221;1_2&#8243; _builder_version=&#8221;4.16&#8243; _module_preset=&#8221;default&#8221; global_colors_info=&#8221;{}&#8221;][et_pb_text _builder_version=&#8221;4.16&#8243; _module_preset=&#8221;default&#8221; text_orientation=&#8221;center&#8221; global_colors_info=&#8221;{}&#8221;]<\/p>\n<p><strong>MENU FOR MEN<\/strong><\/p>\n<p><strong>TOKAJ STYLE DUCK LIVER PAT\u00c9<\/strong><br \/>Home-made duck liver pat\u00e9, marinated in sweet Tokaji Szamorodni, seasoned with roasted coffee.Served with Waldorf salad, crispy cellery chips and toasted brioche<\/p>\n<p><strong>BBQ STYLE OMAHA RIBS OF BEEF<\/strong><br \/>The spicy ribs of beef were caramellised with brown sugar<br \/>then baked until nice brown. Served with whole potato flavoured with bacon, butter and garlic seasoned sour cream then grilled with cheddar on the top until crispy. Served with barbeque sauce.<\/p>\n<p><strong>SOML\u00d3I GALUSKA<\/strong><br \/>Sprinkled with toasted walnut and served with baked meringue.<\/p>\n<p><span style=\"color: #c39d63;\"><strong>Price of the menu: 12.550 Ft<\/strong><\/span><\/p>\n<p>[\/et_pb_text][\/et_pb_column][\/et_pb_row][et_pb_row disabled_on=&#8221;on|on|on&#8221; _builder_version=&#8221;4.16&#8243; _module_preset=&#8221;default&#8221; disabled=&#8221;on&#8221; global_colors_info=&#8221;{}&#8221;][et_pb_column type=&#8221;4_4&#8243; _builder_version=&#8221;4.16&#8243; _module_preset=&#8221;default&#8221; global_colors_info=&#8221;{}&#8221;][et_pb_text _builder_version=&#8221;4.16&#8243; _module_preset=&#8221;default&#8221; header_text_align=&#8221;center&#8221; global_colors_info=&#8221;{}&#8221;]<\/p>\n<p style=\"text-align: center;\">If you order 2 menus we offer you a gift: 1 bottle of &#8220;Frici b\u00e1csi&#8221; Riesling from Badacsony 2017<\/p>\n<p>[\/et_pb_text][\/et_pb_column][\/et_pb_row][\/et_pb_section]<\/p>\n","protected":false},"excerpt":{"rendered":"<p>Seasonal offerDear Guests, We look forward to welcoming you with many delicious dishes, and with the arrival of the warm weather, you can now also enjoy a pleasant lunch or dinner in our garden. We also prepare special dishes, which can be found on the daily offer, it is worth to taste\u00a0and the variety feels [&hellip;]<\/p>\n","protected":false},"author":4,"featured_media":0,"parent":0,"menu_order":0,"comment_status":"closed","ping_status":"closed","template":"","meta":{"_et_pb_use_builder":"on","_et_pb_old_content":"","_et_gb_content_width":"","footnotes":""},"class_list":["post-575","page","type-page","status-publish","hentry"],"yoast_head":"<!-- This site is optimized with the Yoast SEO plugin v27.2 - https:\/\/yoast.com\/product\/yoast-seo-wordpress\/ -->\n<title>Seasonal offer - N\u00e1ncsi N\u00e9ni<\/title>\n<meta name=\"robots\" content=\"noindex, follow\" \/>\n<meta property=\"og:locale\" content=\"en_US\" \/>\n<meta property=\"og:type\" content=\"article\" \/>\n<meta property=\"og:title\" content=\"Seasonal offer - N\u00e1ncsi N\u00e9ni\" \/>\n<meta property=\"og:description\" content=\"Seasonal offerDear Guests, We look forward to welcoming you with many delicious dishes, and with the arrival of the warm weather, you can now also enjoy a pleasant lunch or dinner in our garden. We also prepare special dishes, which can be found on the daily offer, it is worth to taste\u00a0and the variety feels [&hellip;]\" \/>\n<meta property=\"og:url\" content=\"https:\/\/nancsineni.hu\/szezonalis-ajanlat\/\" \/>\n<meta property=\"og:site_name\" content=\"N\u00e1ncsi N\u00e9ni\" \/>\n<meta property=\"article:modified_time\" content=\"2026-04-09T19:57:37+00:00\" \/>\n<meta name=\"twitter:card\" content=\"summary_large_image\" \/>\n<meta name=\"twitter:label1\" content=\"Est. reading time\" \/>\n\t<meta name=\"twitter:data1\" content=\"5 minutes\" \/>\n<script type=\"application\/ld+json\" class=\"yoast-schema-graph\">{\"@context\":\"https:\/\/schema.org\",\"@graph\":[{\"@type\":\"WebPage\",\"@id\":\"https:\/\/nancsineni.hu\/szezonalis-ajanlat\/\",\"url\":\"https:\/\/nancsineni.hu\/szezonalis-ajanlat\/\",\"name\":\"Seasonal offer - N\u00e1ncsi N\u00e9ni\",\"isPartOf\":{\"@id\":\"https:\/\/nancsineni.hu\/#website\"},\"datePublished\":\"2020-11-24T14:51:16+00:00\",\"dateModified\":\"2026-04-09T19:57:37+00:00\",\"inLanguage\":\"en-US\",\"potentialAction\":[{\"@type\":\"ReadAction\",\"target\":[\"https:\/\/nancsineni.hu\/szezonalis-ajanlat\/\"]}]},{\"@type\":\"WebSite\",\"@id\":\"https:\/\/nancsineni.hu\/#website\",\"url\":\"https:\/\/nancsineni.hu\/\",\"name\":\"N\u00e1ncsi N\u00e9ni\",\"description\":\"Budapest\",\"publisher\":{\"@id\":\"https:\/\/nancsineni.hu\/#organization\"},\"potentialAction\":[{\"@type\":\"SearchAction\",\"target\":{\"@type\":\"EntryPoint\",\"urlTemplate\":\"https:\/\/nancsineni.hu\/?s={search_term_string}\"},\"query-input\":{\"@type\":\"PropertyValueSpecification\",\"valueRequired\":true,\"valueName\":\"search_term_string\"}}],\"inLanguage\":\"en-US\"},{\"@type\":\"Organization\",\"@id\":\"https:\/\/nancsineni.hu\/#organization\",\"name\":\"N\u00e1ncsi N\u00e9ni Vend\u00e9gl\u0151je\",\"url\":\"https:\/\/nancsineni.hu\/\",\"logo\":{\"@type\":\"ImageObject\",\"inLanguage\":\"en-US\",\"@id\":\"https:\/\/nancsineni.hu\/#\/schema\/logo\/image\/\",\"url\":\"https:\/\/nancsineni.hu\/wp-content\/uploads\/2020\/10\/nancsi-neni-vendegloje-logo.png\",\"contentUrl\":\"https:\/\/nancsineni.hu\/wp-content\/uploads\/2020\/10\/nancsi-neni-vendegloje-logo.png\",\"width\":633,\"height\":195,\"caption\":\"N\u00e1ncsi N\u00e9ni Vend\u00e9gl\u0151je\"},\"image\":{\"@id\":\"https:\/\/nancsineni.hu\/#\/schema\/logo\/image\/\"}}]}<\/script>\n<!-- \/ Yoast SEO plugin. -->","yoast_head_json":{"title":"Seasonal offer - N\u00e1ncsi N\u00e9ni","robots":{"index":"noindex","follow":"follow"},"og_locale":"en_US","og_type":"article","og_title":"Seasonal offer - N\u00e1ncsi N\u00e9ni","og_description":"Seasonal offerDear Guests, We look forward to welcoming you with many delicious dishes, and with the arrival of the warm weather, you can now also enjoy a pleasant lunch or dinner in our garden. We also prepare special dishes, which can be found on the daily offer, it is worth to taste\u00a0and the variety feels [&hellip;]","og_url":"https:\/\/nancsineni.hu\/szezonalis-ajanlat\/","og_site_name":"N\u00e1ncsi N\u00e9ni","article_modified_time":"2026-04-09T19:57:37+00:00","twitter_card":"summary_large_image","twitter_misc":{"Est. reading time":"5 minutes"},"schema":{"@context":"https:\/\/schema.org","@graph":[{"@type":"WebPage","@id":"https:\/\/nancsineni.hu\/szezonalis-ajanlat\/","url":"https:\/\/nancsineni.hu\/szezonalis-ajanlat\/","name":"Seasonal offer - N\u00e1ncsi N\u00e9ni","isPartOf":{"@id":"https:\/\/nancsineni.hu\/#website"},"datePublished":"2020-11-24T14:51:16+00:00","dateModified":"2026-04-09T19:57:37+00:00","inLanguage":"en-US","potentialAction":[{"@type":"ReadAction","target":["https:\/\/nancsineni.hu\/szezonalis-ajanlat\/"]}]},{"@type":"WebSite","@id":"https:\/\/nancsineni.hu\/#website","url":"https:\/\/nancsineni.hu\/","name":"N\u00e1ncsi N\u00e9ni","description":"Budapest","publisher":{"@id":"https:\/\/nancsineni.hu\/#organization"},"potentialAction":[{"@type":"SearchAction","target":{"@type":"EntryPoint","urlTemplate":"https:\/\/nancsineni.hu\/?s={search_term_string}"},"query-input":{"@type":"PropertyValueSpecification","valueRequired":true,"valueName":"search_term_string"}}],"inLanguage":"en-US"},{"@type":"Organization","@id":"https:\/\/nancsineni.hu\/#organization","name":"N\u00e1ncsi N\u00e9ni Vend\u00e9gl\u0151je","url":"https:\/\/nancsineni.hu\/","logo":{"@type":"ImageObject","inLanguage":"en-US","@id":"https:\/\/nancsineni.hu\/#\/schema\/logo\/image\/","url":"https:\/\/nancsineni.hu\/wp-content\/uploads\/2020\/10\/nancsi-neni-vendegloje-logo.png","contentUrl":"https:\/\/nancsineni.hu\/wp-content\/uploads\/2020\/10\/nancsi-neni-vendegloje-logo.png","width":633,"height":195,"caption":"N\u00e1ncsi N\u00e9ni Vend\u00e9gl\u0151je"},"image":{"@id":"https:\/\/nancsineni.hu\/#\/schema\/logo\/image\/"}}]}},"_links":{"self":[{"href":"https:\/\/nancsineni.hu\/en\/wp-json\/wp\/v2\/pages\/575","targetHints":{"allow":["GET"]}}],"collection":[{"href":"https:\/\/nancsineni.hu\/en\/wp-json\/wp\/v2\/pages"}],"about":[{"href":"https:\/\/nancsineni.hu\/en\/wp-json\/wp\/v2\/types\/page"}],"author":[{"embeddable":true,"href":"https:\/\/nancsineni.hu\/en\/wp-json\/wp\/v2\/users\/4"}],"replies":[{"embeddable":true,"href":"https:\/\/nancsineni.hu\/en\/wp-json\/wp\/v2\/comments?post=575"}],"version-history":[{"count":372,"href":"https:\/\/nancsineni.hu\/en\/wp-json\/wp\/v2\/pages\/575\/revisions"}],"predecessor-version":[{"id":6306,"href":"https:\/\/nancsineni.hu\/en\/wp-json\/wp\/v2\/pages\/575\/revisions\/6306"}],"wp:attachment":[{"href":"https:\/\/nancsineni.hu\/en\/wp-json\/wp\/v2\/media?parent=575"}],"curies":[{"name":"wp","href":"https:\/\/api.w.org\/{rel}","templated":true}]}}